{"id":493,"date":"2023-09-06T11:30:26","date_gmt":"2023-09-06T09:30:26","guid":{"rendered":"https:\/\/www.copytec.es\/11-2\/"},"modified":"2025-07-04T10:06:29","modified_gmt":"2025-07-04T08:06:29","slug":"11-2","status":"publish","type":"page","link":"http:\/\/www.copytec.es\/eu\/","title":{"rendered":"Hasiera"},"content":{"rendered":"<div class=\"wpb-content-wrapper\"><section data-vc-full-width=\"true\" data-vc-full-width-init=\"false\" data-vc-stretch-content=\"true\" class=\"vc_row wpb_row vc_row-fluid  vc_custom_1697710535209 pofo-stretch-content pofo-row-responsive-69e88ffe36a46\"><div class=\"wpb_column vc_column_container vc_col-has-fill vc_col-sm-12  col-xs-mobile-fullwidth\"><div class=\"vc_column-inner vc_custom_1697710032509\"><div class=\"wpb_wrapper\"><div class=\"vc_row wpb_row vc_inner vc_row-fluid  vc_custom_1697710873013 vc_row-has-fill\"><div class=\"wpb_column vc_column_container vc_col-has-fill vc_col-sm-12 vc_col-lg-12 vc_col-md-12 vc_col-xs-12\"><div class=\"vc_column-inner vc_custom_1697710865022\"><div class=\"wpb_wrapper\"><div class=\"bg-extra-dark-gray bg-overlay\" style=\"opacity:0.7; background-color:#ffffff; \"><\/div><div id=\"pofo-image-slider-1\" class=\"swiper-container width-100 swiper-container-horizontal pofo-image-style2 pofo-image-slider-1  pofo-slider2 pofo-slider2-1\" data-slider-options=\"{&quot;keyboard&quot;:true,&quot;slidesPerView&quot;:1,&quot;autoplay&quot;:{&quot;delay&quot;:3000,&quot;disableOnInteraction&quot;:false},&quot;navigation&quot;:{&quot;nextEl&quot;:&quot;.swiper-next-1&quot;,&quot;prevEl&quot;:&quot;.swiper-prev-1&quot;}}\"><div class=\"swiper-wrapper\"><div class=\"swiper-slide cover-background bg-image-srcset\" style=\"background-image:url(http:\/\/www.copytec.es\/wp-content\/uploads\/2023\/10\/yellow-cactus-MTNN8IfrY6Y-unsplash-scaled.jpg)\" data-bg-srcset=\"http:\/\/www.copytec.es\/wp-content\/uploads\/2023\/10\/yellow-cactus-MTNN8IfrY6Y-unsplash-scaled.jpg 2560w, http:\/\/www.copytec.es\/wp-content\/uploads\/2023\/10\/yellow-cactus-MTNN8IfrY6Y-unsplash-300x211.jpg 300w, http:\/\/www.copytec.es\/wp-content\/uploads\/2023\/10\/yellow-cactus-MTNN8IfrY6Y-unsplash-1024x721.jpg 1024w, http:\/\/www.copytec.es\/wp-content\/uploads\/2023\/10\/yellow-cactus-MTNN8IfrY6Y-unsplash-768x541.jpg 768w, http:\/\/www.copytec.es\/wp-content\/uploads\/2023\/10\/yellow-cactus-MTNN8IfrY6Y-unsplash-1536x1082.jpg 1536w, http:\/\/www.copytec.es\/wp-content\/uploads\/2023\/10\/yellow-cactus-MTNN8IfrY6Y-unsplash-2048x1443.jpg 2048w, http:\/\/www.copytec.es\/wp-content\/uploads\/2023\/10\/yellow-cactus-MTNN8IfrY6Y-unsplash-1095x771.jpg 1095w, http:\/\/www.copytec.es\/wp-content\/uploads\/2023\/10\/yellow-cactus-MTNN8IfrY6Y-unsplash-120x85.jpg 120w, http:\/\/www.copytec.es\/wp-content\/uploads\/2023\/10\/yellow-cactus-MTNN8IfrY6Y-unsplash-81x57.jpg 81w\"><div class=\"bg-extra-dark-gray bg-overlay\" style=\"opacity:0.2; background-color:#0a0a0a; \"><\/div><div class=\"container position-relative xs-height-400px one-fourth-screen\"><div class=\"slider-typography text-center\"><div class=\"slider-text-middle-main\"><div class=\"slider-text-middle\"><h2 class=\"alt-font text-white font-weight-700 center-col margin-35px-bottom xs-margin-15px-bottom word-wrap width-75 xs-width-95\" style=\"font-size: 30px; color: #ffffff;\" data-fontsize=\"30px\">30 urte baino gehiago zure ideiak koloreztatzen!<\/h2><div class=\"btn-dual\"><a class=\"btn btn-white btn-rounded btn-medium xs-margin-two-all first-btn\" href=\"https:\/\/www.copytec.es\/eu\/zerbitzuak\/\" target=\"_self\">Ezagutu gure kopia-denda!<\/a><\/div><\/div><\/div><\/div><\/div><\/div><\/div><div class=\"swiper-button-next swiper-next-1 slider-long-arrow-white\"><\/div>\n                                        <div class=\"swiper-button-prev swiper-prev-1 slider-long-arrow-white\"><\/div><\/div><\/div><\/div><\/div><\/div><\/div><\/div><\/div><\/section><div class=\"vc_row-full-width vc_clearfix\"><\/div><section data-vc-full-width=\"true\" data-vc-full-width-init=\"false\" data-vc-stretch-content=\"true\" class=\"vc_row wpb_row vc_row-fluid  vc_custom_1697705329855 pofo-stretch-content pofo-row-responsive-69e88ffe371d5\"><div class=\"wpb_column vc_column_container vc_col-sm-4  col-xs-mobile-fullwidth\"><div class=\"vc_column-inner \"><div class=\"wpb_wrapper\"><div class=\"last-paragraph-no-margin\"><h3>Soluzioak inprimatzen eta zure oroitzapenei forma ematen<\/h3>\n<\/div><\/div><\/div><\/div><div class=\"wpb_column vc_column_container vc_col-sm-4  col-xs-mobile-fullwidth\"><div class=\"vc_column-inner \"><div class=\"wpb_wrapper\"><div class=\"last-paragraph-no-margin\"><p>1989ko urriko egun euritsu batean Copy Tec-en ateak ireki genituen: <strong>kopia-denda txiki bat Tolosan (Gipuzkoa),<\/strong><strong>formatu handiko inprimategi<\/strong>, diseinu grafikoko estudio, eskola- eta bulego-materialaren denda eta opari pertsonalizatuen fabrika bihurtu dena.<\/p>\n<div id=\"gtx-trans\" style=\"position: absolute; left: 79px; top: 38px;\">\n<div class=\"gtx-trans-icon\"><\/div>\n<\/div>\n<\/div><\/div><\/div><\/div><div class=\"wpb_column vc_column_container vc_col-sm-4  col-xs-mobile-fullwidth\"><div class=\"vc_column-inner \"><div class=\"wpb_wrapper\"><div class=\"last-paragraph-no-margin\"><p>Familia bat gara (bai, benetan) eta elkarrekin pentsatu, diseinatu, sortu, barre egin eta lan egiten dugu. Digitalki diseinatzen dugu, eskuz egindakoa mimatuz: papera edo euskarria aukeratu, probak egin, moztu, huts egin, errepikatu\u2026 Konponbiderik onena emateko.<\/p>\n<div id=\"gtx-trans\" style=\"position: absolute; left: 79px; top: 38px;\">\n<div class=\"gtx-trans-icon\"><\/div>\n<\/div>\n<\/div><\/div><\/div><\/div><\/section><div class=\"vc_row-full-width vc_clearfix\"><\/div><section data-vc-full-width=\"true\" data-vc-full-width-init=\"false\" data-vc-stretch-content=\"true\" class=\"vc_row wpb_row vc_row-fluid  vc_custom_1697705379444 vc_row-has-fill pofo-stretch-content vc_row-o-equal-height vc_row-flex pofo-row-responsive-69e88ffe37504\"><div class=\"wpb_column vc_column_container vc_col-sm-12  col-xs-mobile-fullwidth\"><div class=\"vc_column-inner vc_custom_1696400961636\"><div class=\"wpb_wrapper\">[vc_empty_space]<div class=\"last-paragraph-no-margin\"><h2 style=\"text-align: center;\">Zertan lagun zaitzakegu?<\/h2>\n<\/div>[vc_empty_space height=&#8221;50px&#8221;]<\/div><\/div><\/div><div class=\"wpb_column vc_column_container vc_col-sm-6 vc_col-lg-3 vc_col-md-3 vc_col-xs-12\"><div class=\"vc_column-inner \"><div class=\"wpb_wrapper\">[vc_single_image image=&#8221;163&#8243; img_size=&#8221;full&#8221;][vc_empty_space]<div class=\" vc_custom_1697450717358 last-paragraph-no-margin\"><h5 style=\"text-align: center;\">Diseinu grafiko<br \/>\nzerbitzua<\/h5>\n<p style=\"text-align: center;\">Gure taldea aholkuak emateko prest egongo da eta zure ideiak digitalki islatzen saiatuko da, ondoren inprimatzeko: papergintza korporatiboa, jatetxeetarako kartak, ezkontza-gonbidapenak, oroigarriak&#8230;<\/p>\n<\/div>[vc_empty_space height=&#8221;30px&#8221;]<div class=\"last-paragraph-no-margin\"><p style=\"text-align: center;\"><a class=\"btn pofo-button-1 wow fadeInDown button-style5 btn-dark-gray btn-rounded btn-small animated\" href=\"https:\/\/www.copytec.es\/eu\/zerbitzuak\/\">Ikusi zerbitzu guztiak<\/a><\/p>\n<\/div>[vc_empty_space height=&#8221;70px&#8221;]<\/div><\/div><\/div><div class=\"wpb_column vc_column_container vc_col-sm-6 vc_col-lg-3 vc_col-md-3 vc_col-xs-12\"><div class=\"vc_column-inner \"><div class=\"wpb_wrapper\">[vc_single_image image=&#8221;166&#8243; img_size=&#8221;full&#8221;][vc_empty_space]<div class=\" vc_custom_1697711690960 last-paragraph-no-margin\"><h5 style=\"text-align: center;\">Kopia-denda eta<br \/>\ninprenta<\/h5>\n<p style=\"text-align: center;\">Formatu txiki eta handian inprimatzea: kartelak, posterrak, bisita-txartelak, liburuxkak, planoak&#8230; Baita koadernaketak, laminazioak, plastifikazioak eta digitalizazioak ere.<\/p>\n<\/div>[vc_empty_space height=&#8221;30px&#8221;]<div class=\"last-paragraph-no-margin\"><p style=\"text-align: center;\"><a class=\"btn pofo-button-1 wow fadeInDown button-style5 btn-dark-gray btn-rounded btn-small animated\" href=\"https:\/\/www.copytec.es\/eu\/zerbitzuak\/\">Ikusi zerbitzu guztiak<\/a><\/p>\n<\/div>[vc_empty_space height=&#8221;70px&#8221;]<\/div><\/div><\/div><div class=\"wpb_column vc_column_container vc_col-sm-6 vc_col-lg-3 vc_col-md-3 vc_col-xs-12\"><div class=\"vc_column-inner \"><div class=\"wpb_wrapper\">[vc_single_image image=&#8221;162&#8243; img_size=&#8221;full&#8221;][vc_empty_space]<div class=\" vc_custom_1697711496559 last-paragraph-no-margin\"><h5 style=\"text-align: center;\">Bulegorako materiala<\/h5>\n<p style=\"text-align: center;\">Etxean edo lanean idazmahairako behar duzun guztia: arkatzak eta boligrafoak, eskulanetarako materialak, Navigator papera, tintak eta inprimaketa-hornidurak.<\/p>\n<\/div>[vc_empty_space height=&#8221;30px&#8221;]<div class=\"last-paragraph-no-margin\"><p style=\"text-align: center;\"><a class=\"btn pofo-button-1 wow fadeInDown button-style5 btn-dark-gray btn-rounded btn-small animated\" href=\"https:\/\/www.copytec.es\/eu\/zerbitzuak\/\">Ikusi zerbitzu guztiak<\/a><\/p>\n<\/div>[vc_empty_space height=&#8221;70px&#8221;]<\/div><\/div><\/div><div class=\"wpb_column vc_column_container vc_col-sm-6 vc_col-lg-3 vc_col-md-3 vc_col-xs-12\"><div class=\"vc_column-inner \"><div class=\"wpb_wrapper\">[vc_single_image image=&#8221;106&#8243; img_size=&#8221;full&#8221;][vc_empty_space]<div class=\" vc_custom_1697450701241 last-paragraph-no-margin\"><h5 style=\"text-align: center;\">Opari<br \/>\npertsonalizatuak<\/h5>\n<p style=\"text-align: center;\">Une berezietarako, neurrira egindako opariak: kikarak, kuxinak, kamisetak eta oihalak zure argazki edo diseinuekin. Tolosako oroigarri-bilduma bat ere badugu!<\/p>\n<\/div>[vc_empty_space height=&#8221;30px&#8221;]<div class=\"last-paragraph-no-margin\"><p style=\"text-align: center;\"><a class=\"btn pofo-button-1 wow fadeInDown button-style5 btn-dark-gray btn-rounded btn-small animated\" href=\"https:\/\/www.copytec.es\/eu\/zerbitzuak\/\">Ikusi zerbitzu guztiak<\/a><\/p>\n<\/div>[vc_empty_space height=&#8221;30px&#8221;]<\/div><\/div><\/div><div class=\"wpb_column vc_column_container vc_col-sm-12  col-xs-mobile-fullwidth\"><div class=\"vc_column-inner \"><div class=\"wpb_wrapper\">[vc_empty_space height=&#8221;50px&#8221;]<div class=\"last-paragraph-no-margin\"><h6><\/h6>\n<h6 style=\"text-align: center;\">Ez duzu bilatzen duzuna aurkitzen edo aurrekontu pertsonalizatua nahi duzu? <span style=\"color: #933828;\">Jarri harremanetan.<\/span><\/h6>\n<\/div><\/div><\/div><\/div><\/section><div class=\"vc_row-full-width vc_clearfix\"><\/div><section data-vc-full-width=\"true\" data-vc-full-width-init=\"false\" class=\"vc_row wpb_row vc_row-fluid  vc_custom_1697705616831 vc_row-has-fill pofo-stretch-content pofo-stretch-row-container pofo-row-responsive-69e88ffe379c7\"><div class=\"wpb_column vc_column_container vc_col-sm-6  col-xs-mobile-fullwidth xs-text-center\"><div class=\"vc_column-inner \"><div class=\"wpb_wrapper\"><div class=\"last-paragraph-no-margin\" style=\"color: #ffffff;\"><p>ONLINE INPRENTA<\/p>\n<h3>Zure argazkiak edo fitxategiak aurrez inprimatuko dizkizugu, eta hauek jasotzera hurbildu besterik ez duzu egin beharko!<\/h3>\n<\/div>[vc_empty_space]<div class=\"last-paragraph-no-margin\"><p><a class=\"btn pofo-button-1 wow fadeInDown button-style5 btn-white btn-rounded btn-small animated\" href=\"https:\/\/www.copytec.es\/imprenta-online\/\">Bidali inprimatzeko fitxategiak<\/a><\/p>\n<\/div>[vc_empty_space]<\/div><\/div><\/div><div class=\"wpb_column vc_column_container vc_col-sm-6  col-xs-mobile-fullwidth text-left\"><div class=\"vc_column-inner \"><div class=\"wpb_wrapper\"><div class=\"vc_row wpb_row vc_inner vc_row-fluid   vc_row-o-equal-height vc_row-o-content-middle vc_row-flex\"><div class=\"wpb_column vc_column_container vc_col-sm-4 vc_col-xs-4\"><div class=\"vc_column-inner \"><div class=\"wpb_wrapper\">[vc_single_image image=&#8221;291&#8243; img_size=&#8221;120&#215;120&#8243; alignment=&#8221;center&#8221;][vc_empty_space]<\/div><\/div><\/div><div class=\"wpb_column vc_column_container vc_col-sm-8 vc_col-xs-8\"><div class=\"vc_column-inner \"><div class=\"wpb_wrapper\"><div class=\"last-paragraph-no-margin\" style=\"color: #ffffff;\"><h6 class=\"margin-10px-bottom\">1<\/h6>\n<h6>Erantsi inprimatu nahi dituzun fitxategiak<\/h6>\n<\/div>[vc_empty_space]<\/div><\/div><\/div><div class=\"wpb_column vc_column_container vc_col-sm-4 vc_col-xs-4\"><div class=\"vc_column-inner \"><div class=\"wpb_wrapper\">[vc_single_image image=&#8221;300&#8243; img_size=&#8221;120&#215;120&#8243; alignment=&#8221;center&#8221;][vc_empty_space]<\/div><\/div><\/div><div class=\"wpb_column vc_column_container vc_col-sm-8 vc_col-xs-8\"><div class=\"vc_column-inner \"><div class=\"wpb_wrapper\"><div class=\"last-paragraph-no-margin\" style=\"color: #ffffff;\"><h6 class=\"margin-10px-bottom\">2<\/h6>\n<h6>Bete inprimakia zure zehaztapenekin<\/h6>\n<\/div>[vc_empty_space]<\/div><\/div><\/div><div class=\"wpb_column vc_column_container vc_col-sm-4 vc_col-xs-4\"><div class=\"vc_column-inner \"><div class=\"wpb_wrapper\">[vc_single_image image=&#8221;301&#8243; img_size=&#8221;120&#215;120&#8243; alignment=&#8221;center&#8221;][vc_empty_space]<\/div><\/div><\/div><div class=\"wpb_column vc_column_container vc_col-sm-8 vc_col-xs-8\"><div class=\"vc_column-inner \"><div class=\"wpb_wrapper\"><div class=\"last-paragraph-no-margin\" style=\"color: #ffffff;\"><h6 class=\"margin-10px-bottom\">3<\/h6>\n<h6>Prest dagoenean jakinaraziko dizugu Copy Tec-etik pasatzeko<\/h6>\n<\/div>[vc_empty_space]<\/div><\/div><\/div><\/div><\/div><\/div><\/div><div class=\"wpb_column vc_column_container vc_col-sm-4  col-xs-mobile-fullwidth\"><div class=\"vc_column-inner \"><div class=\"wpb_wrapper\"><\/div><\/div><\/div><div class=\"wpb_column vc_column_container vc_col-sm-4  col-xs-mobile-fullwidth\"><div class=\"vc_column-inner \"><div class=\"wpb_wrapper\"><\/div><\/div><\/div><div class=\"wpb_column vc_column_container vc_col-sm-4  col-xs-mobile-fullwidth\"><div class=\"vc_column-inner \"><div class=\"wpb_wrapper\"><\/div><\/div><\/div><div class=\"wpb_column vc_column_container vc_col-sm-12  col-xs-mobile-fullwidth\"><div class=\"vc_column-inner \"><div class=\"wpb_wrapper\">[vc_empty_space height=&#8221;100px&#8221;]<\/div><\/div><\/div><\/section><div class=\"vc_row-full-width vc_clearfix\"><\/div>\n<\/div>","protected":false},"excerpt":{"rendered":"30 urte baino gehiago zure ideiak koloreztatzen!Ezagutu gure kopia-denda! Soluzioak inprimatzen eta zure oroitzapenei forma ematen 1989ko urriko egun euritsu batean Copy Tec-en ateak ireki genituen: kopia-denda txiki bat Tolosan (Gipuzkoa),formatu handiko inprimategi, diseinu grafikoko estudio, eskola- eta bulego-materialaren denda eta opari pertsonalizatuen fabrika bihurtu dena. Familia bat gara (bai, benetan) eta elkarrekin pentsatu, diseinatu, sortu, barre egin eta lan egiten dugu. Digitalki diseinatzen dugu, eskuz egindakoa mimatuz: papera edo euskarria aukeratu, probak egin, moztu, huts egin, errepikatu\u2026 Konponbiderik onena emateko. [vc_empty_space]Zertan lagun zaitzakegu? [vc_empty_space height=\"50px\"][vc_single_image image=\"163\" img_size=\"full\"][vc_empty_space]Diseinu grafiko zerbitzua Gure taldea aholkuak emateko prest egongo da eta zure ideiak digitalki islatzen saiatuko da, ondoren inprimatzeko: papergintza korporatiboa, jatetxeetarako kartak, ezkontza-gonbidapenak, oroigarriak... [vc_empty_space height=\"30px\"]Ikusi zerbitzu guztiak [vc_empty_space height=\"70px\"][vc_single_image image=\"166\" img_size=\"full\"][vc_empty_space]Kopia-denda eta inprenta Formatu txiki eta handian inprimatzea: kartelak, posterrak, bisita-txartelak, liburuxkak, planoak... Baita koadernaketak, laminazioak, plastifikazioak eta digitalizazioak ere. [vc_empty_space height=\"30px\"]Ikusi zerbitzu guztiak [vc_empty_space height=\"70px\"][vc_single_image image=\"162\" img_size=\"full\"][vc_empty_space]Bulegorako materiala Etxean edo lanean idazmahairako behar duzun guztia: arkatzak eta boligrafoak, eskulanetarako materialak, Navigator papera, tintak eta inprimaketa-hornidurak. [vc_empty_space height=\"30px\"]Ikusi zerbitzu guztiak [vc_empty_space height=\"70px\"][vc_single_image image=\"106\" img_size=\"full\"][vc_empty_space]Opari pertsonalizatuak Une berezietarako, neurrira egindako opariak: kikarak, kuxinak, kamisetak eta oihalak zure argazki edo diseinuekin. Tolosako oroigarri-bilduma bat ere badugu! [vc_empty_space height=\"30px\"]Ikusi zerbitzu guztiak [vc_empty_space height=\"30px\"][vc_empty_space height=\"50px\"]...","protected":false},"author":1,"featured_media":0,"parent":0,"menu_order":0,"comment_status":"closed","ping_status":"closed","template":"","meta":{"_joinchat":[],"footnotes":""},"class_list":["post-493","page","type-page","status-publish","hentry"],"yoast_head":"<!-- This site is optimized with the Yoast SEO plugin v26.9 - https:\/\/yoast.com\/product\/yoast-seo-wordpress\/ -->\n<title>Kopistegia, inprenta eta idazketarako materiala | Copy Tec (Tolosa)<\/title>\n<meta name=\"description\" content=\"Kopistegia, inprenta, eskolarako nahiz bulegorako materiala eta opari pertsonalizatuak Tolosan (Gipuzkoa). Arin Subijana y Asociados, S.L.\" \/>\n<meta name=\"robots\" content=\"index, follow, max-snippet:-1, max-image-preview:large, max-video-preview:-1\" \/>\n<link rel=\"canonical\" href=\"http:\/\/www.copytec.es\/eu\/\" \/>\n<meta property=\"og:locale\" content=\"eu_ES\" \/>\n<meta property=\"og:type\" content=\"article\" \/>\n<meta property=\"og:title\" content=\"Kopistegia, inprenta eta idazketarako materiala | Copy Tec (Tolosa)\" \/>\n<meta property=\"og:description\" content=\"Kopistegia, inprenta, eskolarako nahiz bulegorako materiala eta opari pertsonalizatuak Tolosan (Gipuzkoa). Arin Subijana y Asociados, S.L.\" \/>\n<meta property=\"og:url\" content=\"http:\/\/www.copytec.es\/eu\/\" \/>\n<meta property=\"og:site_name\" content=\"Copy Tec\" \/>\n<meta property=\"article:modified_time\" content=\"2025-07-04T08:06:29+00:00\" \/>\n<meta name=\"twitter:card\" content=\"summary_large_image\" \/>\n<meta name=\"twitter:label1\" content=\"Est. reading time\" \/>\n\t<meta name=\"twitter:data1\" content=\"2 minutes\" \/>\n<script type=\"application\/ld+json\" class=\"yoast-schema-graph\">{\"@context\":\"https:\/\/schema.org\",\"@graph\":[{\"@type\":\"WebPage\",\"@id\":\"http:\/\/www.copytec.es\/eu\/\",\"url\":\"http:\/\/www.copytec.es\/eu\/\",\"name\":\"Kopistegia, inprenta eta idazketarako materiala | Copy Tec (Tolosa)\",\"isPartOf\":{\"@id\":\"http:\/\/www.copytec.es\/eu\/#website\"},\"datePublished\":\"2023-09-06T09:30:26+00:00\",\"dateModified\":\"2025-07-04T08:06:29+00:00\",\"description\":\"Kopistegia, inprenta, eskolarako nahiz bulegorako materiala eta opari pertsonalizatuak Tolosan (Gipuzkoa). Arin Subijana y Asociados, S.L.\",\"breadcrumb\":{\"@id\":\"http:\/\/www.copytec.es\/eu\/#breadcrumb\"},\"inLanguage\":\"eu-ES\",\"potentialAction\":[{\"@type\":\"ReadAction\",\"target\":[\"http:\/\/www.copytec.es\/eu\/\"]}]},{\"@type\":\"BreadcrumbList\",\"@id\":\"http:\/\/www.copytec.es\/eu\/#breadcrumb\",\"itemListElement\":[{\"@type\":\"ListItem\",\"position\":1,\"name\":\"Portada\",\"item\":\"http:\/\/www.copytec.es\/eu\/\"},{\"@type\":\"ListItem\",\"position\":2,\"name\":\"Hasiera\"}]},{\"@type\":\"WebSite\",\"@id\":\"http:\/\/www.copytec.es\/eu\/#website\",\"url\":\"http:\/\/www.copytec.es\/eu\/\",\"name\":\"Copy Tec | Copister\u00eda, material de oficina y peque\u00f1a imprenta\",\"description\":\"Copister\u00eda, material de oficina e imprenta\",\"publisher\":{\"@id\":\"http:\/\/www.copytec.es\/eu\/#organization\"},\"potentialAction\":[{\"@type\":\"SearchAction\",\"target\":{\"@type\":\"EntryPoint\",\"urlTemplate\":\"http:\/\/www.copytec.es\/eu\/?s={search_term_string}\"},\"query-input\":{\"@type\":\"PropertyValueSpecification\",\"valueRequired\":true,\"valueName\":\"search_term_string\"}}],\"inLanguage\":\"eu-ES\"},{\"@type\":\"Organization\",\"@id\":\"http:\/\/www.copytec.es\/eu\/#organization\",\"name\":\"Copy Tec | Copister\u00eda, material de oficina y peque\u00f1a imprenta\",\"url\":\"http:\/\/www.copytec.es\/eu\/\",\"logo\":{\"@type\":\"ImageObject\",\"inLanguage\":\"eu-ES\",\"@id\":\"http:\/\/www.copytec.es\/eu\/#\/schema\/logo\/image\/\",\"url\":\"http:\/\/www.copytec.es\/wp-content\/uploads\/2023\/09\/logo-y-nombre-lateral.png\",\"contentUrl\":\"http:\/\/www.copytec.es\/wp-content\/uploads\/2023\/09\/logo-y-nombre-lateral.png\",\"width\":246,\"height\":110,\"caption\":\"Copy Tec | Copister\u00eda, material de oficina y peque\u00f1a imprenta\"},\"image\":{\"@id\":\"http:\/\/www.copytec.es\/eu\/#\/schema\/logo\/image\/\"}}]}<\/script>\n<!-- \/ Yoast SEO plugin. -->","yoast_head_json":{"title":"Kopistegia, inprenta eta idazketarako materiala | Copy Tec (Tolosa)","description":"Kopistegia, inprenta, eskolarako nahiz bulegorako materiala eta opari pertsonalizatuak Tolosan (Gipuzkoa). Arin Subijana y Asociados, S.L.","robots":{"index":"index","follow":"follow","max-snippet":"max-snippet:-1","max-image-preview":"max-image-preview:large","max-video-preview":"max-video-preview:-1"},"canonical":"http:\/\/www.copytec.es\/eu\/","og_locale":"eu_ES","og_type":"article","og_title":"Kopistegia, inprenta eta idazketarako materiala | Copy Tec (Tolosa)","og_description":"Kopistegia, inprenta, eskolarako nahiz bulegorako materiala eta opari pertsonalizatuak Tolosan (Gipuzkoa). Arin Subijana y Asociados, S.L.","og_url":"http:\/\/www.copytec.es\/eu\/","og_site_name":"Copy Tec","article_modified_time":"2025-07-04T08:06:29+00:00","twitter_card":"summary_large_image","twitter_misc":{"Est. reading time":"2 minutes"},"schema":{"@context":"https:\/\/schema.org","@graph":[{"@type":"WebPage","@id":"http:\/\/www.copytec.es\/eu\/","url":"http:\/\/www.copytec.es\/eu\/","name":"Kopistegia, inprenta eta idazketarako materiala | Copy Tec (Tolosa)","isPartOf":{"@id":"http:\/\/www.copytec.es\/eu\/#website"},"datePublished":"2023-09-06T09:30:26+00:00","dateModified":"2025-07-04T08:06:29+00:00","description":"Kopistegia, inprenta, eskolarako nahiz bulegorako materiala eta opari pertsonalizatuak Tolosan (Gipuzkoa). Arin Subijana y Asociados, S.L.","breadcrumb":{"@id":"http:\/\/www.copytec.es\/eu\/#breadcrumb"},"inLanguage":"eu-ES","potentialAction":[{"@type":"ReadAction","target":["http:\/\/www.copytec.es\/eu\/"]}]},{"@type":"BreadcrumbList","@id":"http:\/\/www.copytec.es\/eu\/#breadcrumb","itemListElement":[{"@type":"ListItem","position":1,"name":"Portada","item":"http:\/\/www.copytec.es\/eu\/"},{"@type":"ListItem","position":2,"name":"Hasiera"}]},{"@type":"WebSite","@id":"http:\/\/www.copytec.es\/eu\/#website","url":"http:\/\/www.copytec.es\/eu\/","name":"Copy Tec | Copister\u00eda, material de oficina y peque\u00f1a imprenta","description":"Copister\u00eda, material de oficina e imprenta","publisher":{"@id":"http:\/\/www.copytec.es\/eu\/#organization"},"potentialAction":[{"@type":"SearchAction","target":{"@type":"EntryPoint","urlTemplate":"http:\/\/www.copytec.es\/eu\/?s={search_term_string}"},"query-input":{"@type":"PropertyValueSpecification","valueRequired":true,"valueName":"search_term_string"}}],"inLanguage":"eu-ES"},{"@type":"Organization","@id":"http:\/\/www.copytec.es\/eu\/#organization","name":"Copy Tec | Copister\u00eda, material de oficina y peque\u00f1a imprenta","url":"http:\/\/www.copytec.es\/eu\/","logo":{"@type":"ImageObject","inLanguage":"eu-ES","@id":"http:\/\/www.copytec.es\/eu\/#\/schema\/logo\/image\/","url":"http:\/\/www.copytec.es\/wp-content\/uploads\/2023\/09\/logo-y-nombre-lateral.png","contentUrl":"http:\/\/www.copytec.es\/wp-content\/uploads\/2023\/09\/logo-y-nombre-lateral.png","width":246,"height":110,"caption":"Copy Tec | Copister\u00eda, material de oficina y peque\u00f1a imprenta"},"image":{"@id":"http:\/\/www.copytec.es\/eu\/#\/schema\/logo\/image\/"}}]}},"_links":{"self":[{"href":"http:\/\/www.copytec.es\/eu\/wp-json\/wp\/v2\/pages\/493","targetHints":{"allow":["GET"]}}],"collection":[{"href":"http:\/\/www.copytec.es\/eu\/wp-json\/wp\/v2\/pages"}],"about":[{"href":"http:\/\/www.copytec.es\/eu\/wp-json\/wp\/v2\/types\/page"}],"author":[{"embeddable":true,"href":"http:\/\/www.copytec.es\/eu\/wp-json\/wp\/v2\/users\/1"}],"replies":[{"embeddable":true,"href":"http:\/\/www.copytec.es\/eu\/wp-json\/wp\/v2\/comments?post=493"}],"version-history":[{"count":18,"href":"http:\/\/www.copytec.es\/eu\/wp-json\/wp\/v2\/pages\/493\/revisions"}],"predecessor-version":[{"id":660,"href":"http:\/\/www.copytec.es\/eu\/wp-json\/wp\/v2\/pages\/493\/revisions\/660"}],"wp:attachment":[{"href":"http:\/\/www.copytec.es\/eu\/wp-json\/wp\/v2\/media?parent=493"}],"curies":[{"name":"wp","href":"https:\/\/api.w.org\/{rel}","templated":true}]}}