{"id":632,"date":"2025-05-15T08:18:15","date_gmt":"2025-05-15T06:18:15","guid":{"rendered":"https:\/\/www.copytec.es\/?page_id=632"},"modified":"2025-05-15T08:18:58","modified_gmt":"2025-05-15T06:18:58","slug":"lege-oharra","status":"publish","type":"page","link":"https:\/\/www.copytec.es\/eu\/lege-oharra\/","title":{"rendered":"Lege oharra"},"content":{"rendered":"<p><?php get_header(); \n$site_url = site_url();\n$url = preg_replace(\"(^https?:\/\/www.)\", \"\", $site_url );\n\n$titular_1 = get_option('titular_1_es');\n$razonsocial = get_option('razonsocial');\n$nombrecomercial = get_option('nombrecomercial');\n$nif = get_option('nif');\n$email = get_option('email');\n$direccion = get_option('direccion');\n$actividadsocial = get_option('actividadsocial');\n$current_lang = 'eu';\nif ( function_exists( 'icl_object_id' ) &#038;&#038; isset( $GLOBALS['sitepress'] ) ) {\n    $current_lang = $GLOBALS['sitepress']->get_current_language();<br \/>\n}<br \/>\n$descripcion = get_option( &#8216;descripcion_&#8217; . $current_lang );<br \/>\n$fechadehoy = get_option(&#8216;fechadehoy&#8217;);<br \/>\n?><\/p>\n<div class=\"legal-container-sarrera\">\n<div class=\"legal-50\">\n<h1 class=\"legal-h1\">Lege oharra<\/h1>\n<\/p><\/div>\n<div class=\"legal-50\">\n<p class=\"legal-p\">Informazioaren Gizartearen eta Merkataritza Elektronikoaren Zerbitzuei buruzko uztailaren 11ko 34\/2002 Legearen (LSSICE) 10. artikuluan jasotako informazio-betebeharra betez, <?php echo $url; ?> webgunearen titularraren identifikazio-datuak azaltzen dira jarraian:<\/p>\n<\/div>\n<\/div>\n<div class=\"legal-container\">\n<div class=\"legal-30\">\n<p class=\"legal-titulua\">Webgunearen arduradunaren identifikatzailea<\/p>\n<\/div>\n<div class=\"legal-50\">\n<ul class=\"legal-ul\">\n<li class=\"legal-li\">Izen soziala: <b><?php echo $razonsocial; ?><\/b><\/li>\n<li class=\"legal-li\">Izen komertziala: <b><?php echo $nombrecomercial; ?><\/b><\/li>\n<li class=\"legal-li\">IFZ: <b><?php echo $nif; ?><\/b><\/li>\n<li class=\"legal-li\">Helbide elektronikoa: <b><?php echo $email; ?><\/b><\/li>\n<li class=\"legal-li\">Egoitza soziala: <b><?php echo $direccion; ?><\/b><\/li>\n<li class=\"legal-li\">Gizarte-jarduera: <b><?php echo $actividadsocial; ?><\/b><\/li>\n<li class=\"legal-li\">Webgune honek izaera informatiboa du eta <?php echo $descripci\u00f3n; ?> buruzko informazioa ematea du helburu.<\/li>\n<\/ul><\/div>\n<\/div>\n<div class=\"legal-container\">\n<div class=\"legal-30\">\n<p class=\"legal-titulua\">Jabetza intelektual eta industriala<\/p>\n<\/div>\n<div class=\"legal-50\">\n<p class=\"legal-p\">Web orri honetako edukiak, testuak, irudiak, logotipoak, diseinu grafikoa eta iturburu-kodea barne, <?php echo $nombrecomercial; ?>-en jabetza intelektuala dira, eta debekatuta dago horiek erreproduzitzea, banatzea, jendaurrean jakinaraztea edo eraldatzea erakundearen berariazko baimenik gabe.\n<\/p>\n<\/p><\/div>\n<\/div>\n<div class=\"legal-container\">\n<div class=\"legal-30\">\n<p class=\"legal-titulua\">Datu pertsonalen babesa<\/p>\n<\/div>\n<div class=\"legal-50\">\n<p class=\"legal-p\">Datu pertsonalen babesari buruz indarrean dagoen araudiaren arabera, jakinarazten dizugu webgune honen bidez bildutako datu pertsonalak gure Pribatutasun Politikaren arabera tratatuko direla. Pribatutasun Politika esteka honetan kontsulta dezakezu: <a href=\"<?php echo get_home_url(); ?>\/pribatutasun-politika&#8221;>Pribatutasun Politika<\/a>.<\/p>\n<\/p><\/div>\n<\/div>\n<div class=\"legal-container\">\n<div class=\"legal-30\">\n<p class=\"legal-titulua\">Erantzukizuna<\/p>\n<\/div>\n<div class=\"legal-50\">\n<p class=\"legal-p\"><?php echo $nombrecomercial; ?>-k ez du bere gain hartuko web orri honetan emandako informazioa erabiltzearen ondoriozko kalte-galeren erantzukizunik, ez eta informazio hori eskuragarri ez izatearen edo eskuragarri ez egotearen erantzukizunik ere.<\/p>\n<\/p><\/div>\n<\/div>\n<div class=\"legal-container\">\n<div class=\"legal-30\">\n<p class=\"legal-titulua\">Aplikatu beharreko legeria eta eskumenak<\/p>\n<\/div>\n<div class=\"legal-50\">\n<p class=\"legal-p\">Erabiltzailearen eta <?php echo $nombrecomercial; ?>-ren arteko harremana Espainiako indarreko araudiaren arabera arautuko da, eta edozein eztabaida Euskal Autonomia Erkidegoko epaitegi eta auzitegien esku jarriko da.<\/p>\n<p><?php echo $nombrecomercial; ?>-k beretzat gordetzen du web orri honetan dagoen informazioa edozein unetan eta aldez aurretik abisatu gabe aldatzeko eskubidea, baita informazio horren konfigurazioa eta aurkezpena ere.<\/p>\n<p>Edozein kontsulta edo iruzkin egiteko, gurekin harremanetan jar zaitezke <?php echo $email; ?> helbide elektronikoaren bidez.<\/p>\n<\/p><\/div>\n<\/div>\n<div class=\"legal-container\">\n<div class=\"legal-center\">\n<p class=\"legal-p\">Azken eguneratzearen data: <?php echo $fechadehoy; ?>.<\/p>\n<\/div>\n<\/div>\n<p><?php get_footer(); ?><\/p>\n","protected":false},"excerpt":{"rendered":"<p>Lege oharra Informazioaren Gizartearen eta Merkataritza Elektronikoaren Zerbitzuei buruzko uztailaren 11ko 34\/2002 Legearen (LSSICE) 10. artikuluan jasotako informazio-betebeharra betez, webgunearen titularraren identifikazio-datuak azaltzen dira jarraian: Webgunearen arduradunaren identifikatzailea Izen soziala: Izen komertziala: IFZ: Helbide elektronikoa: Egoitza soziala: Gizarte-jarduera: Webgune honek izaera informatiboa du eta buruzko informazioa ematea du helburu. Jabetza intelektual eta industriala Web orri honetako edukiak, testuak, irudiak, logotipoak, diseinu grafikoa eta iturburu-kodea barne, -en jabetza intelektuala dira, eta debekatuta dago horiek erreproduzitzea, banatzea, jendaurrean jakinaraztea edo eraldatzea erakundearen berariazko baimenik gabe. Datu pertsonalen babesa Datu pertsonalen babesari buruz indarrean dagoen araudiaren arabera, jakinarazten dizugu webgune honen bidez bildutako datu pertsonalak gure Pribatutasun Politikaren arabera tratatuko direla. Pribatutasun Politika esteka honetan kontsulta dezakezu:<\/p>\n","protected":false},"author":1,"featured_media":0,"parent":0,"menu_order":0,"comment_status":"closed","ping_status":"closed","template":"","meta":{"_joinchat":[],"footnotes":""},"class_list":["post-632","page","type-page","status-publish","hentry"],"yoast_head":"<!-- This site is optimized with the Yoast SEO plugin v26.9 - https:\/\/yoast.com\/product\/yoast-seo-wordpress\/ -->\n<title>Lege oharra - Copy Tec<\/title>\n<meta name=\"robots\" content=\"index, follow, max-snippet:-1, max-image-preview:large, max-video-preview:-1\" \/>\n<link rel=\"canonical\" href=\"https:\/\/www.copytec.es\/eu\/lege-oharra\/\" \/>\n<meta property=\"og:locale\" content=\"eu_ES\" \/>\n<meta property=\"og:type\" content=\"article\" \/>\n<meta property=\"og:title\" content=\"Lege oharra - Copy Tec\" \/>\n<meta property=\"og:description\" content=\"Lege oharra Informazioaren Gizartearen eta Merkataritza Elektronikoaren Zerbitzuei buruzko uztailaren 11ko 34\/2002 Legearen (LSSICE) 10. artikuluan jasotako informazio-betebeharra betez, webgunearen titularraren identifikazio-datuak azaltzen dira jarraian: Webgunearen arduradunaren identifikatzailea Izen soziala: Izen komertziala: IFZ: Helbide elektronikoa: Egoitza soziala: Gizarte-jarduera: Webgune honek izaera informatiboa du eta buruzko informazioa ematea du helburu. Jabetza intelektual eta industriala Web orri honetako edukiak, testuak, irudiak, logotipoak, diseinu grafikoa eta iturburu-kodea barne, -en jabetza intelektuala dira, eta debekatuta dago horiek erreproduzitzea, banatzea, jendaurrean jakinaraztea edo eraldatzea erakundearen berariazko baimenik gabe. Datu pertsonalen babesa Datu pertsonalen babesari buruz indarrean dagoen araudiaren arabera, jakinarazten dizugu webgune honen bidez bildutako datu pertsonalak gure Pribatutasun Politikaren arabera tratatuko direla. Pribatutasun Politika esteka honetan kontsulta dezakezu:\" \/>\n<meta property=\"og:url\" content=\"https:\/\/www.copytec.es\/eu\/lege-oharra\/\" \/>\n<meta property=\"og:site_name\" content=\"Copy Tec\" \/>\n<meta property=\"article:modified_time\" content=\"2025-05-15T06:18:58+00:00\" \/>\n<meta name=\"twitter:card\" content=\"summary_large_image\" \/>\n<meta name=\"twitter:label1\" content=\"Est. reading time\" \/>\n\t<meta name=\"twitter:data1\" content=\"1 minute\" \/>\n<script type=\"application\/ld+json\" class=\"yoast-schema-graph\">{\"@context\":\"https:\/\/schema.org\",\"@graph\":[{\"@type\":\"WebPage\",\"@id\":\"https:\/\/www.copytec.es\/eu\/lege-oharra\/\",\"url\":\"https:\/\/www.copytec.es\/eu\/lege-oharra\/\",\"name\":\"Lege oharra - Copy Tec\",\"isPartOf\":{\"@id\":\"https:\/\/www.copytec.es\/eu\/#website\"},\"datePublished\":\"2025-05-15T06:18:15+00:00\",\"dateModified\":\"2025-05-15T06:18:58+00:00\",\"breadcrumb\":{\"@id\":\"https:\/\/www.copytec.es\/eu\/lege-oharra\/#breadcrumb\"},\"inLanguage\":\"eu-ES\",\"potentialAction\":[{\"@type\":\"ReadAction\",\"target\":[\"https:\/\/www.copytec.es\/eu\/lege-oharra\/\"]}]},{\"@type\":\"BreadcrumbList\",\"@id\":\"https:\/\/www.copytec.es\/eu\/lege-oharra\/#breadcrumb\",\"itemListElement\":[{\"@type\":\"ListItem\",\"position\":1,\"name\":\"Portada\",\"item\":\"http:\/\/www.copytec.es\/eu\/\"},{\"@type\":\"ListItem\",\"position\":2,\"name\":\"Lege oharra\"}]},{\"@type\":\"WebSite\",\"@id\":\"https:\/\/www.copytec.es\/eu\/#website\",\"url\":\"https:\/\/www.copytec.es\/eu\/\",\"name\":\"Copy Tec | Copister\u00eda, material de oficina y peque\u00f1a imprenta\",\"description\":\"Copister\u00eda, material de oficina e imprenta\",\"publisher\":{\"@id\":\"https:\/\/www.copytec.es\/eu\/#organization\"},\"potentialAction\":[{\"@type\":\"SearchAction\",\"target\":{\"@type\":\"EntryPoint\",\"urlTemplate\":\"https:\/\/www.copytec.es\/eu\/?s={search_term_string}\"},\"query-input\":{\"@type\":\"PropertyValueSpecification\",\"valueRequired\":true,\"valueName\":\"search_term_string\"}}],\"inLanguage\":\"eu-ES\"},{\"@type\":\"Organization\",\"@id\":\"https:\/\/www.copytec.es\/eu\/#organization\",\"name\":\"Copy Tec | Copister\u00eda, material de oficina y peque\u00f1a imprenta\",\"url\":\"https:\/\/www.copytec.es\/eu\/\",\"logo\":{\"@type\":\"ImageObject\",\"inLanguage\":\"eu-ES\",\"@id\":\"https:\/\/www.copytec.es\/eu\/#\/schema\/logo\/image\/\",\"url\":\"http:\/\/www.copytec.es\/wp-content\/uploads\/2023\/09\/logo-y-nombre-lateral.png\",\"contentUrl\":\"http:\/\/www.copytec.es\/wp-content\/uploads\/2023\/09\/logo-y-nombre-lateral.png\",\"width\":246,\"height\":110,\"caption\":\"Copy Tec | Copister\u00eda, material de oficina y peque\u00f1a imprenta\"},\"image\":{\"@id\":\"https:\/\/www.copytec.es\/eu\/#\/schema\/logo\/image\/\"}}]}<\/script>\n<!-- \/ Yoast SEO plugin. -->","yoast_head_json":{"title":"Lege oharra - Copy Tec","robots":{"index":"index","follow":"follow","max-snippet":"max-snippet:-1","max-image-preview":"max-image-preview:large","max-video-preview":"max-video-preview:-1"},"canonical":"https:\/\/www.copytec.es\/eu\/lege-oharra\/","og_locale":"eu_ES","og_type":"article","og_title":"Lege oharra - Copy Tec","og_description":"Lege oharra Informazioaren Gizartearen eta Merkataritza Elektronikoaren Zerbitzuei buruzko uztailaren 11ko 34\/2002 Legearen (LSSICE) 10. artikuluan jasotako informazio-betebeharra betez, webgunearen titularraren identifikazio-datuak azaltzen dira jarraian: Webgunearen arduradunaren identifikatzailea Izen soziala: Izen komertziala: IFZ: Helbide elektronikoa: Egoitza soziala: Gizarte-jarduera: Webgune honek izaera informatiboa du eta buruzko informazioa ematea du helburu. Jabetza intelektual eta industriala Web orri honetako edukiak, testuak, irudiak, logotipoak, diseinu grafikoa eta iturburu-kodea barne, -en jabetza intelektuala dira, eta debekatuta dago horiek erreproduzitzea, banatzea, jendaurrean jakinaraztea edo eraldatzea erakundearen berariazko baimenik gabe. Datu pertsonalen babesa Datu pertsonalen babesari buruz indarrean dagoen araudiaren arabera, jakinarazten dizugu webgune honen bidez bildutako datu pertsonalak gure Pribatutasun Politikaren arabera tratatuko direla. Pribatutasun Politika esteka honetan kontsulta dezakezu:","og_url":"https:\/\/www.copytec.es\/eu\/lege-oharra\/","og_site_name":"Copy Tec","article_modified_time":"2025-05-15T06:18:58+00:00","twitter_card":"summary_large_image","twitter_misc":{"Est. reading time":"1 minute"},"schema":{"@context":"https:\/\/schema.org","@graph":[{"@type":"WebPage","@id":"https:\/\/www.copytec.es\/eu\/lege-oharra\/","url":"https:\/\/www.copytec.es\/eu\/lege-oharra\/","name":"Lege oharra - Copy Tec","isPartOf":{"@id":"https:\/\/www.copytec.es\/eu\/#website"},"datePublished":"2025-05-15T06:18:15+00:00","dateModified":"2025-05-15T06:18:58+00:00","breadcrumb":{"@id":"https:\/\/www.copytec.es\/eu\/lege-oharra\/#breadcrumb"},"inLanguage":"eu-ES","potentialAction":[{"@type":"ReadAction","target":["https:\/\/www.copytec.es\/eu\/lege-oharra\/"]}]},{"@type":"BreadcrumbList","@id":"https:\/\/www.copytec.es\/eu\/lege-oharra\/#breadcrumb","itemListElement":[{"@type":"ListItem","position":1,"name":"Portada","item":"http:\/\/www.copytec.es\/eu\/"},{"@type":"ListItem","position":2,"name":"Lege oharra"}]},{"@type":"WebSite","@id":"https:\/\/www.copytec.es\/eu\/#website","url":"https:\/\/www.copytec.es\/eu\/","name":"Copy Tec | Copister\u00eda, material de oficina y peque\u00f1a imprenta","description":"Copister\u00eda, material de oficina e imprenta","publisher":{"@id":"https:\/\/www.copytec.es\/eu\/#organization"},"potentialAction":[{"@type":"SearchAction","target":{"@type":"EntryPoint","urlTemplate":"https:\/\/www.copytec.es\/eu\/?s={search_term_string}"},"query-input":{"@type":"PropertyValueSpecification","valueRequired":true,"valueName":"search_term_string"}}],"inLanguage":"eu-ES"},{"@type":"Organization","@id":"https:\/\/www.copytec.es\/eu\/#organization","name":"Copy Tec | Copister\u00eda, material de oficina y peque\u00f1a imprenta","url":"https:\/\/www.copytec.es\/eu\/","logo":{"@type":"ImageObject","inLanguage":"eu-ES","@id":"https:\/\/www.copytec.es\/eu\/#\/schema\/logo\/image\/","url":"http:\/\/www.copytec.es\/wp-content\/uploads\/2023\/09\/logo-y-nombre-lateral.png","contentUrl":"http:\/\/www.copytec.es\/wp-content\/uploads\/2023\/09\/logo-y-nombre-lateral.png","width":246,"height":110,"caption":"Copy Tec | Copister\u00eda, material de oficina y peque\u00f1a imprenta"},"image":{"@id":"https:\/\/www.copytec.es\/eu\/#\/schema\/logo\/image\/"}}]}},"_links":{"self":[{"href":"https:\/\/www.copytec.es\/eu\/wp-json\/wp\/v2\/pages\/632","targetHints":{"allow":["GET"]}}],"collection":[{"href":"https:\/\/www.copytec.es\/eu\/wp-json\/wp\/v2\/pages"}],"about":[{"href":"https:\/\/www.copytec.es\/eu\/wp-json\/wp\/v2\/types\/page"}],"author":[{"embeddable":true,"href":"https:\/\/www.copytec.es\/eu\/wp-json\/wp\/v2\/users\/1"}],"replies":[{"embeddable":true,"href":"https:\/\/www.copytec.es\/eu\/wp-json\/wp\/v2\/comments?post=632"}],"version-history":[{"count":1,"href":"https:\/\/www.copytec.es\/eu\/wp-json\/wp\/v2\/pages\/632\/revisions"}],"predecessor-version":[{"id":647,"href":"https:\/\/www.copytec.es\/eu\/wp-json\/wp\/v2\/pages\/632\/revisions\/647"}],"wp:attachment":[{"href":"https:\/\/www.copytec.es\/eu\/wp-json\/wp\/v2\/media?parent=632"}],"curies":[{"name":"wp","href":"https:\/\/api.w.org\/{rel}","templated":true}]}}