{"id":636,"date":"2025-05-15T08:18:15","date_gmt":"2025-05-15T06:18:15","guid":{"rendered":"https:\/\/www.copytec.es\/?page_id=636"},"modified":"2025-05-15T08:18:58","modified_gmt":"2025-05-15T06:18:58","slug":"cookien-politika","status":"publish","type":"page","link":"https:\/\/www.copytec.es\/eu\/cookien-politika\/","title":{"rendered":"Cookien politika"},"content":{"rendered":"<p><?php get_header(); \n$site_url = site_url();\n$url = preg_replace(\"(^https?:\/\/www.)\", \"\", $site_url );\n\n$razonsocial = get_option('razonsocial');\n$nombrecomercial = get_option('nombrecomercial');\n$nif = get_option('nif');\n$email = get_option('email');\n$direccion = get_option('direccion');\n$actividadsocial = get_option('actividadsocial');\n$current_lang = 'eu';\nif ( function_exists( 'icl_object_id' ) &#038;&#038; isset( $GLOBALS['sitepress'] ) ) {\n    $current_lang = $GLOBALS['sitepress']->get_current_language();<br \/>\n}<br \/>\n$descripcion = get_option( &#8216;descripcion_&#8217; . $current_lang );<br \/>\n$fechadehoy = get_option(&#8216;fechadehoy&#8217;);<br \/>\n$denda = get_option(&#8216;onlinedenda&#8217;);<br \/>\n$facebook = get_option(&#8216;facebook&#8217;);<br \/>\n$googleads = get_option(&#8216;googleads&#8217;);<br \/>\n$newsletter_mailchimp = get_option(&#8216;newsletter_mailchimp&#8217;);<br \/>\n$newsletter = get_option(&#8216;newsletter&#8217;);<br \/>\n$facebook_pxl = get_option(&#8216;facebook_pxl&#8217;);<\/p>\n<p>?><\/p>\n<div class=\"legal-container-sarrera\">\n<div class=\"legal-50\">\n<h1 class=\"legal-h1\">Cookien politika<\/h1>\n<\/p><\/div>\n<div class=\"legal-50\">\n<p class=\"legal-p\">Webgune honetan informazioa bildu eta erabiltzen dugu, gure pribatutasun-politikan adierazitakoaren arabera. Informazioa biltzeko moduetako bat &#8220;cookie&#8221; izeneko teknologia erabiltzea da. <?php echo $url; ?> atarian cookieak erabiltzen ditugu hainbat gauzetarako.<\/p>\n<\/div>\n<\/div>\n<div class=\"legal-container\" style=\"\">\n<div class=\"legal-30\">\n<p class=\"legal-titulua\">Zer dira cookie-ak?<\/p>\n<\/div>\n<div class=\"legal-50\">\n<p class=\"legal-p\">&#8220;Cookie&#8221; bat testu kopuru txiki bat da, eta zure nabigatzailean gordetzen da (adibidez, Googleren Chrome edo Apple-ren Safari) webgune gehienetan nabigatzen duzunean.<\/p>\n<\/p><\/div>\n<\/div>\n<div class=\"legal-container\" >\n<div class=\"legal-30\">\n<p class=\"legal-titulua\">Cookie-ak onartzea<\/p>\n<\/div>\n<div class=\"legal-50\">\n<p class=\"legal-p\">Webgune edo aplikazio horretara lehen aldiz sartzean, ohar bat agertuko da (banner), cookie-ak erabiltzen direla jakinarazteko eta cookie-en politika hori kontsultatzeko.<\/p>\n<p>Ez da cookierik deskargatuko erabiltzaileak cookieak instalatzeko berariazko baimena eman arte. Erabiltzaileak cookieak erabiltzeko baimena ematen badu, bere ekipoan edo gailuan instalatuko dira.<\/p>\n<p>Gure cookie propioak erabiltzeaz gain, hirugarrenei aukera ematen diegu cookieak ezartzeko eta gailuan haietara sartzeko.\n<\/p>\n<\/p><\/div>\n<\/div>\n<div class=\"legal-container\" >\n<div class=\"legal-30\">\n<p class=\"legal-titulua\">Zer informazio gordetzen du cookie batek?\n<\/p>\n<\/div>\n<div class=\"legal-50\">\n<p class=\"legal-p\">Cookieek ez dute zuri buruzko informazio sentikorrik gordetzen, hala nola kreditu-txartelak edo banku-datuak, argazkiak edo informazio pertsonala eta abar. Datu teknikoak, estatistikoak, lehentasun pertsonalak, edukien pertsonalizazioa eta abar gordetzen dituzte.<\/p>\n<\/p><\/div>\n<\/div>\n<div class=\"legal-container\" >\n<div class=\"legal-30\">\n<p class=\"legal-titulua\">Zer cookie mota daude?\n<\/p>\n<\/div>\n<div class=\"legal-50\">\n<ul class=\"legal-ul\">\n<li class=\"legal-li\"><b>Cookie teknikoak<\/b>: oinarrizkoenak dira, eta, besteak beste, aukera ematen dute jakiteko noiz ari den nabigatzen gizaki bat eta noiz aplikazio automatizatu bat, noiz nabigatzen duen erabiltzaile anonimo batek eta noiz erregistratutako batek. Edozein web dinamikoren funtzionamendurako oinarrizko atazak.<\/li>\n<li class=\"legal-li\"><b>Analisi-cookieak<\/b>: egiten ari den nabigazio motari, gehien erabiltzen dituen atalei, kontsultatutako produktuei, erabilera-ordutegiari, hizkuntzari eta abarri buruzko informazioa jasotzen dute.<\/li>\n<li class=\"legal-li\"><b>Publizitate-cookieak<\/b>: Publizitatea erakusten dute, nabigazioaren, jatorrizko herrialdearen, hizkuntzaren eta abarren arabera.<\/li>\n<\/ul><\/div>\n<\/div>\n<div class=\"legal-container\" >\n<div class=\"legal-30\">\n<p class=\"legal-titulua\">Araudiak onartutako cookieak eta salbuetsitako cookieak<\/p>\n<\/div>\n<div class=\"legal-50\">\n<p class=\"legal-p\">EBren zuzentarauaren arabera, erabiltzailearen baimen informatua behar duten cookieak analitikako cookieak eta publizitate- eta afiliazio-cookieak dira, eta salbuetsita geratzen dira izaera teknikokoak eta webgunearen funtzionamendurako edo erabiltzaileak berariaz eskatutako zerbitzuak emateko beharrezkoak direnak.<\/p>\n<\/p><\/div>\n<\/div>\n<div class=\"legal-container\" >\n<div class=\"legal-30\">\n<p class=\"legal-titulua\">Zer cookie erabiltzen ditu web honek?<\/p>\n<\/div>\n<div class=\"legal-50\">\n<ul class=\"legal-ul\">\n<li class=\"legal-li\"><b>Lehentasunak<\/b>: Cookiek aukera ematen digute zure doikuntzak eta lehentasunak gogorarazteko, hala nola hizkuntza gogokoena eta zure pribatutasun-konfigurazioa.<\/li>\n<li class=\"legal-li\"><b>Segurtasuna<\/b>: Cookieak erabiltzen ditugu segurtasun-arriskuak saihesteko.<\/li>\n<li class=\"legal-li\"><b>Pertsonalizazioa<\/b>: cookie-ek laguntzen digute gogoratzen zer pertsonarekin edo webgunerekin jardun duzun elkarreraginean, lotutako edukiak erakutsi ahal izateko.<\/li>\n<p>\t\t\t<?php if ($denda=='bai'){ ?><\/p>\n<li class=\"legal-li\"><b>Saio-hasiera<\/b>:  saioa hasteko cookie-ek <?php echo $url; ?> kontutik sartzen eta irteten uzten dizute.<\/li>\n<p><?php } ?>\n\t\t<\/ul>\n<\/p><\/div>\n<\/div>\n<div class=\"legal-container\" >\n<div class=\"legal-30\">\n<p class=\"legal-titulua\">Hirugarrenen cookieak<\/p>\n<\/div>\n<div class=\"legal-50\">\n<ul class=\"legal-ul\">\n<li class=\"legal-li\">Cookie analitikoak<\/li>\n<\/ul>\n<p class=\"legal-p\">Web honek analisi-zerbitzuak erabiltzen ditu, zehazki, Google Analytics, webguneari erabiltzaileek webguneari ematen dioten erabilera aztertzen eta haren erabilgarritasuna hobetzen laguntzeko, baina inola ere ez dira lotzen erabiltzailea identifika dezaketen datuekin. Google Analytics web-zerbitzu analitiko bat da, Google Inc-ek ematen duena. Erabiltzaileak <a href=\"https:\/\/policies.google.com\/technologies\/cookies?hl=es&#038;gl=es#types-of-cookies\" target=\"_blank\">hemen<\/a> kontsulta dezake Googlek erabiltzen dituen cookie motak.<\/p>\n<ul class=\"legal-ul\">\n<li class=\"legal-li\">Cookie publizitarioak<\/li>\n<\/ul>\n<p class=\"legal-p\">Interneten nabigatzeko dituzun ohiturak aztertzeko aukera ematen digute, zure nabigazio-profilarekin lotutako publizitatea erakutsi ahal izateko.<\/p>\n<p>\t\t<?php if ($facebook=='bai'){ ?><\/p>\n<p class=\"legal-titulutxoa\">Facebook Ads<\/p>\n<p class=\"legal-p\">Facebook Ads-en konbertsioen jarraipena (Facebook-en pixela) (Facebook, Inc.)<\/p>\n<p class=\"legal-p\">Facebook Ads-en konbertsioen jarraipena (Facebook-en pixela) Facebook, Inc.-ek ematen duen estatistika-zerbitzua da, eta Facebook-eko publizitate-sareko datuak aplikazio honetan egindako ekintzekin lotzen ditu. Facebook-eko pixelak Facebook, Instagram eta Audience Network-eko iragarkiei egozten ahal zaizkien bihurketen jarraipena egiten du.<\/p>\n<p class=\"legal-p\">Bildutako datu pertsonalak: Cookiea eta erabiltzeko datuak.<\/p>\n<p class=\"legal-p\">Facebook Remarketing (Facebook, Inc.)<\/p>\n<p class=\"legal-p\">Webgune honetan, baliteke Facebook-eko plugin sozialak erabiltzea. Kasu horretan, zure nabigatzaileak zuzeneko konexioa sor dezake Facebook-eko zerbitzariekin, eta bere portaerari buruzko datuak (erabiltzailearen nabigatzailearen identifikatzailea) transmititu Facebook-eko zerbitzariei cookieak jarrita.<\/p>\n<p class=\"legal-p\">Facebook Remarketing Facebook, Inc.-ek eskaintzen duen remarketing eta behavioral targeting zerbitzua da, eta aplikazio honen jarduera Facebook-eko publizitate-sarearekin lotzen du.<\/p>\n<p class=\"legal-p\">Informazio gehiago lortzeko eta desaktibatzeko, jo esteka hauetara: <\/p>\n<p class=\"legal-p\">https:\/\/www.facebook.com\/help\/cookies ; https:\/\/www.facebook.com\/about\/privacy\/cookies.<\/p>\n<p class=\"legal-p\">Berariazko helburua: Facebook-ek publizitate-produktu batzuk eskaintzeko erabiltzen du, hala nola iragarkiak egiten dituzten hirugarrenen denbora errealeko eskaintzak.<\/p>\n<p class=\"legal-p\">Iraupena: 1-3 hilabete<\/p>\n<p class=\"legal-p\">Kudeaketa: hirugarrenenak &#8211; www.facebook.com<\/p>\n<p>\t<?php } ?><\/p>\n<p>\t\t<?php if ($googleads=='bai'){ ?><\/p>\n<p class=legal-titulutxoa\">Google Ads<\/p>\n<p class=\"legal-p\">Googlek cookieak erabiltzen ditu, hala nola NID edo OGP, Googleren zerbitzuetan agertzen diren iragarkiak pertsonalizatzeko. Googlek cookie horiek erabiltzen ditu, adibidez, zure azken bilaketak, bilaketaren emaitzekin edo iragarlearen publizitatearekin izandako elkarreraginak eta iragarle baten web gunera egindako bisitak gogorarazteko. Hala, Googlek iragarki pertsonalizatuak bistara ditzake. Cookie horiek Googlek kudeatzen ditu erabat.<\/p>\n<p class=\"legal-p\">Gure webguneko erabilerari buruzko informazioa, IP helbidea barne, Googlera transmititu eta bere zerbitzarietan gorde daiteke, baina horrek ez zaitu pertsonalki identifikatzen, Googlen saioa hasi ez baduzu; kasu horretan, Googleko zure kontuarekin lotuta dago.<\/p>\n<p class=\"legal-p\">Google Ads-en konbertsioen jarraipena (Google LLC)<\/p>\n<p class=\"legal-p\">Google Ads-en konbertsioen jarraipena Google LLCk ematen duen estatistika-zerbitzu bat da, eta Google Ads-en publizitate-sareko datuak aplikazio honetan egindako ekintzekin lotzen ditu.<\/p>\n<p class=\"legal-p\">Bildutako datu pertsonalak: Cookiea eta erabiltzeko datuak.<\/p>\n<p class=\"legal-p\">Remarketing Google Ads: <\/p>\n<p class=\"legal-p\">Cookie-ak erabiltzen dituen Google Ads-eko remarketinga erabiltzen dugu gure web gunearen aurreko bisitetan oinarritutako lineako iragarki espezifikoak eskaintzeko. Googlek Internet bidez hirugarrenen hainbat webgunetan iragarkiak erakusteko erabiltzen du informazio hori. Cookie hauek iraungitzear daude, eta ez dute pertsonalki identifika zaitzakeen informaziorik. Mesedez, jo Google Pribatutasun-abisuaren publizitatera informazio gehiago lortzeko.<\/p>\n<p class=\"legal-p\">Google DoubleClick (Conversi\u00f3n)<\/p>\n<p class=\"legal-p\">Iragarkileei laguntzen die zehazten zenbat aldiz egiten duten klik iragarkietan beren produktuak erosten edo ekintza jakin bat egiten (adibidez, formulario bat bidali, bideo bat ikusi, PDF bat deskargatu, etab.). Cookie horiei esker, Googlek eta iragarleak iragarkian klik egin eta gero iragarlearen gunea bisitatu zenuen. Googlek ez ditu konbertsio-cookieak erabiltzen iragarki pertsonalizatuak segmentatzeko, eta denbora mugatu batez bakarrik irauten dute.<\/p>\n<p class=\"legal-p\">Iraupena: 30 egun<\/p>\n<p><?php } ?><\/p><\/div>\n<\/div>\n<div class=\"legal-container\" >\n<div class=\"legal-30\">\n<p class=\"legal-titulua\">Cookieak ezaba daitezke?<\/p>\n<\/div>\n<div class=\"legal-50\">\n<p class=\"legal-p\">Bai, eta ez bakarrik ezabatu, baita blokeatu ere, modu orokor edo zehatzean, domeinu espezifiko baterako.<\/p>\n<p>Webgune bateko cookieak ezabatzeko, zure nabigatzailearen konfiguraziora joan behar duzu, eta, han, domeinu horri lotutakoak bilatu eta ezabatu ahal izango dituzu.<\/p>\n<ul class=\"legal-ul\">\n<li class=\"legal-li\">Cookie-ak konfiguratzea <a href=\"https:\/\/support.google.com\/chrome\/answer\/95647?hl=es\" target=\"_blank\">Google Chrome-rako<\/a><\/li>\n<li class=\"legal-li\">Cookie-ak konfiguratzea <a href=\"https:\/\/support.apple.com\/es-es\/105082\" target=\"_blank\">Apple Safari-rako<\/a><\/li>\n<li class=\"legal-li\">Cookie-ak konfiguratzea <a href=\"https:\/\/support.microsoft.com\/en-us\/windows\/delete-and-manage-cookies-168dab11-0753-043d-7c16-ede5947fc64d#ie=ie-10\" target=\"_blank\">Internet Explorer-rako<\/a><\/li>\n<li class=\"legal-li\">Cookie-ak konfiguratzea <a href=\"https:\/\/support.mozilla.org\/es\/kb\/habilitar-y-deshabilitar-cookies-sitios-web-rastrear-preferencias?redirectlocale=es&#038;redirectslug=habilitar-y-deshabilitar-cookies-que-los-sitios-we\" target=\"_blank\">Mozilla Firefox-rako<\/a><\/li>\n<\/ul><\/div>\n<\/div>\n<div class=\"legal-container\" >\n<div class=\"legal-30\">\n<p class=\"legal-titulua\">Cookiei buruzko informazio gehiago<\/p>\n<\/div>\n<div class=\"legal-50\">\n<p class=\"legal-p\">Datuak Babesteko Espainiako Agentziak &#8220;<a href=\"https:\/\/www.aepd.es\/sites\/default\/files\/2020-07\/guia-cookies.pdf\" target=\"_blank\">Cookie-ak erabiltzeari buruzko gida<\/a>&#8220;-n argitaratutako cookie-ei buruzko erregelamendua kontsulta dezakezu, eta cookie-ei buruzko informazio gehiago lortu Interneten: <a href=\"https:\/\/www.aboutcookies.org\/\" target=\"_blank\">http:\/\/www.aboutcookies.org\/<\/a><\/p>\n<p>Cookie-en instalazioaren gaineko kontrol handiagoa izan nahi baduzu, programak edo osagarriak instala ditzakezu zure nabigatzailean, &#8220;Do Not Track&#8221; izeneko tresnak, baimendu nahi dituzun cookie-ak aukeratu ahal izateko.<\/p>\n<\/p><\/div>\n<\/div>\n<div class=\"legal-container\">\n<div class=\"legal-center\">\n<p class=\"legal-p\">Cookie-politika hori azken aldiz eguneratu da: <?php echo $fechadehoy; ?>.<\/p>\n<\/div>\n<\/div>\n<p><?php get_footer(); ?><\/p>\n","protected":false},"excerpt":{"rendered":"<p>Cookien politika Webgune honetan informazioa bildu eta erabiltzen dugu, gure pribatutasun-politikan adierazitakoaren arabera. Informazioa biltzeko moduetako bat &#8220;cookie&#8221; izeneko teknologia erabiltzea da. atarian cookieak erabiltzen ditugu hainbat gauzetarako. Zer dira cookie-ak? &#8220;Cookie&#8221; bat testu kopuru txiki bat da, eta zure nabigatzailean gordetzen da (adibidez, Googleren Chrome edo Apple-ren Safari) webgune gehienetan nabigatzen duzunean. Cookie-ak onartzea Webgune edo aplikazio horretara lehen aldiz sartzean, ohar bat agertuko da (banner), cookie-ak erabiltzen direla jakinarazteko eta cookie-en politika hori kontsultatzeko. Ez da cookierik deskargatuko erabiltzaileak cookieak instalatzeko berariazko baimena eman arte. Erabiltzaileak cookieak erabiltzeko baimena ematen badu, bere ekipoan edo gailuan instalatuko dira. Gure cookie propioak erabiltzeaz gain, hirugarrenei aukera ematen diegu cookieak ezartzeko eta gailuan haietara sartzeko. Zer informazio gordetzen du cookie batek? Cookieek ez dute zuri buruzko informazio sentikorrik gordetzen, hala nola kreditu-txartelak edo banku-datuak, argazkiak edo informazio pertsonala eta abar. Datu teknikoak, estatistikoak, lehentasun pertsonalak, edukien pertsonalizazioa eta abar gordetzen dituzte. Zer cookie mota daude? Cookie teknikoak: oinarrizkoenak dira, eta, besteak beste, aukera ematen dute jakiteko noiz ari den nabigatzen gizaki bat eta noiz aplikazio automatizatu bat, noiz nabigatzen duen erabiltzaile anonimo batek eta noiz erregistratutako batek. Edozein web dinamikoren funtzionamendurako oinarrizko atazak. Analisi-cookieak: egiten ari den nabigazio motari, gehien erabiltzen&#8230;<\/p>\n","protected":false},"author":1,"featured_media":0,"parent":0,"menu_order":0,"comment_status":"closed","ping_status":"closed","template":"","meta":{"_joinchat":[],"footnotes":""},"class_list":["post-636","page","type-page","status-publish","hentry"],"yoast_head":"<!-- This site is optimized with the Yoast SEO plugin v26.9 - https:\/\/yoast.com\/product\/yoast-seo-wordpress\/ -->\n<title>Cookien politika - Copy Tec<\/title>\n<meta name=\"robots\" content=\"index, follow, max-snippet:-1, max-image-preview:large, max-video-preview:-1\" \/>\n<link rel=\"canonical\" href=\"https:\/\/www.copytec.es\/eu\/cookien-politika\/\" \/>\n<meta property=\"og:locale\" content=\"eu_ES\" \/>\n<meta property=\"og:type\" content=\"article\" \/>\n<meta property=\"og:title\" content=\"Cookien politika - Copy Tec\" \/>\n<meta property=\"og:description\" content=\"Cookien politika Webgune honetan informazioa bildu eta erabiltzen dugu, gure pribatutasun-politikan adierazitakoaren arabera. Informazioa biltzeko moduetako bat &#8220;cookie&#8221; izeneko teknologia erabiltzea da. atarian cookieak erabiltzen ditugu hainbat gauzetarako. Zer dira cookie-ak? &#8220;Cookie&#8221; bat testu kopuru txiki bat da, eta zure nabigatzailean gordetzen da (adibidez, Googleren Chrome edo Apple-ren Safari) webgune gehienetan nabigatzen duzunean. Cookie-ak onartzea Webgune edo aplikazio horretara lehen aldiz sartzean, ohar bat agertuko da (banner), cookie-ak erabiltzen direla jakinarazteko eta cookie-en politika hori kontsultatzeko. Ez da cookierik deskargatuko erabiltzaileak cookieak instalatzeko berariazko baimena eman arte. Erabiltzaileak cookieak erabiltzeko baimena ematen badu, bere ekipoan edo gailuan instalatuko dira. Gure cookie propioak erabiltzeaz gain, hirugarrenei aukera ematen diegu cookieak ezartzeko eta gailuan haietara sartzeko. Zer informazio gordetzen du cookie batek? Cookieek ez dute zuri buruzko informazio sentikorrik gordetzen, hala nola kreditu-txartelak edo banku-datuak, argazkiak edo informazio pertsonala eta abar. Datu teknikoak, estatistikoak, lehentasun pertsonalak, edukien pertsonalizazioa eta abar gordetzen dituzte. Zer cookie mota daude? Cookie teknikoak: oinarrizkoenak dira, eta, besteak beste, aukera ematen dute jakiteko noiz ari den nabigatzen gizaki bat eta noiz aplikazio automatizatu bat, noiz nabigatzen duen erabiltzaile anonimo batek eta noiz erregistratutako batek. Edozein web dinamikoren funtzionamendurako oinarrizko atazak. Analisi-cookieak: egiten ari den nabigazio motari, gehien erabiltzen...\" \/>\n<meta property=\"og:url\" content=\"https:\/\/www.copytec.es\/eu\/cookien-politika\/\" \/>\n<meta property=\"og:site_name\" content=\"Copy Tec\" \/>\n<meta property=\"article:modified_time\" content=\"2025-05-15T06:18:58+00:00\" \/>\n<meta name=\"twitter:card\" content=\"summary_large_image\" \/>\n<meta name=\"twitter:label1\" content=\"Est. reading time\" \/>\n\t<meta name=\"twitter:data1\" content=\"3 minutes\" \/>\n<script type=\"application\/ld+json\" class=\"yoast-schema-graph\">{\"@context\":\"https:\/\/schema.org\",\"@graph\":[{\"@type\":\"WebPage\",\"@id\":\"https:\/\/www.copytec.es\/eu\/cookien-politika\/\",\"url\":\"https:\/\/www.copytec.es\/eu\/cookien-politika\/\",\"name\":\"Cookien politika - Copy Tec\",\"isPartOf\":{\"@id\":\"https:\/\/www.copytec.es\/eu\/#website\"},\"datePublished\":\"2025-05-15T06:18:15+00:00\",\"dateModified\":\"2025-05-15T06:18:58+00:00\",\"breadcrumb\":{\"@id\":\"https:\/\/www.copytec.es\/eu\/cookien-politika\/#breadcrumb\"},\"inLanguage\":\"eu-ES\",\"potentialAction\":[{\"@type\":\"ReadAction\",\"target\":[\"https:\/\/www.copytec.es\/eu\/cookien-politika\/\"]}]},{\"@type\":\"BreadcrumbList\",\"@id\":\"https:\/\/www.copytec.es\/eu\/cookien-politika\/#breadcrumb\",\"itemListElement\":[{\"@type\":\"ListItem\",\"position\":1,\"name\":\"Portada\",\"item\":\"http:\/\/www.copytec.es\/eu\/\"},{\"@type\":\"ListItem\",\"position\":2,\"name\":\"Cookien politika\"}]},{\"@type\":\"WebSite\",\"@id\":\"https:\/\/www.copytec.es\/eu\/#website\",\"url\":\"https:\/\/www.copytec.es\/eu\/\",\"name\":\"Copy Tec | Copister\u00eda, material de oficina y peque\u00f1a imprenta\",\"description\":\"Copister\u00eda, material de oficina e imprenta\",\"publisher\":{\"@id\":\"https:\/\/www.copytec.es\/eu\/#organization\"},\"potentialAction\":[{\"@type\":\"SearchAction\",\"target\":{\"@type\":\"EntryPoint\",\"urlTemplate\":\"https:\/\/www.copytec.es\/eu\/?s={search_term_string}\"},\"query-input\":{\"@type\":\"PropertyValueSpecification\",\"valueRequired\":true,\"valueName\":\"search_term_string\"}}],\"inLanguage\":\"eu-ES\"},{\"@type\":\"Organization\",\"@id\":\"https:\/\/www.copytec.es\/eu\/#organization\",\"name\":\"Copy Tec | Copister\u00eda, material de oficina y peque\u00f1a imprenta\",\"url\":\"https:\/\/www.copytec.es\/eu\/\",\"logo\":{\"@type\":\"ImageObject\",\"inLanguage\":\"eu-ES\",\"@id\":\"https:\/\/www.copytec.es\/eu\/#\/schema\/logo\/image\/\",\"url\":\"http:\/\/www.copytec.es\/wp-content\/uploads\/2023\/09\/logo-y-nombre-lateral.png\",\"contentUrl\":\"http:\/\/www.copytec.es\/wp-content\/uploads\/2023\/09\/logo-y-nombre-lateral.png\",\"width\":246,\"height\":110,\"caption\":\"Copy Tec | Copister\u00eda, material de oficina y peque\u00f1a imprenta\"},\"image\":{\"@id\":\"https:\/\/www.copytec.es\/eu\/#\/schema\/logo\/image\/\"}}]}<\/script>\n<!-- \/ Yoast SEO plugin. -->","yoast_head_json":{"title":"Cookien politika - Copy Tec","robots":{"index":"index","follow":"follow","max-snippet":"max-snippet:-1","max-image-preview":"max-image-preview:large","max-video-preview":"max-video-preview:-1"},"canonical":"https:\/\/www.copytec.es\/eu\/cookien-politika\/","og_locale":"eu_ES","og_type":"article","og_title":"Cookien politika - Copy Tec","og_description":"Cookien politika Webgune honetan informazioa bildu eta erabiltzen dugu, gure pribatutasun-politikan adierazitakoaren arabera. Informazioa biltzeko moduetako bat &#8220;cookie&#8221; izeneko teknologia erabiltzea da. atarian cookieak erabiltzen ditugu hainbat gauzetarako. Zer dira cookie-ak? &#8220;Cookie&#8221; bat testu kopuru txiki bat da, eta zure nabigatzailean gordetzen da (adibidez, Googleren Chrome edo Apple-ren Safari) webgune gehienetan nabigatzen duzunean. Cookie-ak onartzea Webgune edo aplikazio horretara lehen aldiz sartzean, ohar bat agertuko da (banner), cookie-ak erabiltzen direla jakinarazteko eta cookie-en politika hori kontsultatzeko. Ez da cookierik deskargatuko erabiltzaileak cookieak instalatzeko berariazko baimena eman arte. Erabiltzaileak cookieak erabiltzeko baimena ematen badu, bere ekipoan edo gailuan instalatuko dira. Gure cookie propioak erabiltzeaz gain, hirugarrenei aukera ematen diegu cookieak ezartzeko eta gailuan haietara sartzeko. Zer informazio gordetzen du cookie batek? Cookieek ez dute zuri buruzko informazio sentikorrik gordetzen, hala nola kreditu-txartelak edo banku-datuak, argazkiak edo informazio pertsonala eta abar. Datu teknikoak, estatistikoak, lehentasun pertsonalak, edukien pertsonalizazioa eta abar gordetzen dituzte. Zer cookie mota daude? Cookie teknikoak: oinarrizkoenak dira, eta, besteak beste, aukera ematen dute jakiteko noiz ari den nabigatzen gizaki bat eta noiz aplikazio automatizatu bat, noiz nabigatzen duen erabiltzaile anonimo batek eta noiz erregistratutako batek. Edozein web dinamikoren funtzionamendurako oinarrizko atazak. Analisi-cookieak: egiten ari den nabigazio motari, gehien erabiltzen...","og_url":"https:\/\/www.copytec.es\/eu\/cookien-politika\/","og_site_name":"Copy Tec","article_modified_time":"2025-05-15T06:18:58+00:00","twitter_card":"summary_large_image","twitter_misc":{"Est. reading time":"3 minutes"},"schema":{"@context":"https:\/\/schema.org","@graph":[{"@type":"WebPage","@id":"https:\/\/www.copytec.es\/eu\/cookien-politika\/","url":"https:\/\/www.copytec.es\/eu\/cookien-politika\/","name":"Cookien politika - Copy Tec","isPartOf":{"@id":"https:\/\/www.copytec.es\/eu\/#website"},"datePublished":"2025-05-15T06:18:15+00:00","dateModified":"2025-05-15T06:18:58+00:00","breadcrumb":{"@id":"https:\/\/www.copytec.es\/eu\/cookien-politika\/#breadcrumb"},"inLanguage":"eu-ES","potentialAction":[{"@type":"ReadAction","target":["https:\/\/www.copytec.es\/eu\/cookien-politika\/"]}]},{"@type":"BreadcrumbList","@id":"https:\/\/www.copytec.es\/eu\/cookien-politika\/#breadcrumb","itemListElement":[{"@type":"ListItem","position":1,"name":"Portada","item":"http:\/\/www.copytec.es\/eu\/"},{"@type":"ListItem","position":2,"name":"Cookien politika"}]},{"@type":"WebSite","@id":"https:\/\/www.copytec.es\/eu\/#website","url":"https:\/\/www.copytec.es\/eu\/","name":"Copy Tec | Copister\u00eda, material de oficina y peque\u00f1a imprenta","description":"Copister\u00eda, material de oficina e imprenta","publisher":{"@id":"https:\/\/www.copytec.es\/eu\/#organization"},"potentialAction":[{"@type":"SearchAction","target":{"@type":"EntryPoint","urlTemplate":"https:\/\/www.copytec.es\/eu\/?s={search_term_string}"},"query-input":{"@type":"PropertyValueSpecification","valueRequired":true,"valueName":"search_term_string"}}],"inLanguage":"eu-ES"},{"@type":"Organization","@id":"https:\/\/www.copytec.es\/eu\/#organization","name":"Copy Tec | Copister\u00eda, material de oficina y peque\u00f1a imprenta","url":"https:\/\/www.copytec.es\/eu\/","logo":{"@type":"ImageObject","inLanguage":"eu-ES","@id":"https:\/\/www.copytec.es\/eu\/#\/schema\/logo\/image\/","url":"http:\/\/www.copytec.es\/wp-content\/uploads\/2023\/09\/logo-y-nombre-lateral.png","contentUrl":"http:\/\/www.copytec.es\/wp-content\/uploads\/2023\/09\/logo-y-nombre-lateral.png","width":246,"height":110,"caption":"Copy Tec | Copister\u00eda, material de oficina y peque\u00f1a imprenta"},"image":{"@id":"https:\/\/www.copytec.es\/eu\/#\/schema\/logo\/image\/"}}]}},"_links":{"self":[{"href":"https:\/\/www.copytec.es\/eu\/wp-json\/wp\/v2\/pages\/636","targetHints":{"allow":["GET"]}}],"collection":[{"href":"https:\/\/www.copytec.es\/eu\/wp-json\/wp\/v2\/pages"}],"about":[{"href":"https:\/\/www.copytec.es\/eu\/wp-json\/wp\/v2\/types\/page"}],"author":[{"embeddable":true,"href":"https:\/\/www.copytec.es\/eu\/wp-json\/wp\/v2\/users\/1"}],"replies":[{"embeddable":true,"href":"https:\/\/www.copytec.es\/eu\/wp-json\/wp\/v2\/comments?post=636"}],"version-history":[{"count":1,"href":"https:\/\/www.copytec.es\/eu\/wp-json\/wp\/v2\/pages\/636\/revisions"}],"predecessor-version":[{"id":651,"href":"https:\/\/www.copytec.es\/eu\/wp-json\/wp\/v2\/pages\/636\/revisions\/651"}],"wp:attachment":[{"href":"https:\/\/www.copytec.es\/eu\/wp-json\/wp\/v2\/media?parent=636"}],"curies":[{"name":"wp","href":"https:\/\/api.w.org\/{rel}","templated":true}]}}