{"id":638,"date":"2025-05-15T08:18:15","date_gmt":"2025-05-15T06:18:15","guid":{"rendered":"https:\/\/www.copytec.es\/?page_id=638"},"modified":"2025-05-15T08:18:58","modified_gmt":"2025-05-15T06:18:58","slug":"irisgarritasuna","status":"publish","type":"page","link":"https:\/\/www.copytec.es\/eu\/irisgarritasuna\/","title":{"rendered":"Irisgarritasuna"},"content":{"rendered":"<p><?php get_header(); \n$site_url = site_url();\n$url = preg_replace(\"(^https?:\/\/www.)\", \"\", $site_url );\n\n$razonsocial = get_option('razonsocial');\n$nombrecomercial = get_option('nombrecomercial');\n$nif = get_option('nif');\n$email = get_option('email');\n$direccion = get_option('direccion');\n$actividadsocial = get_option('actividadsocial');\n$current_lang = 'eu';\nif ( function_exists( 'icl_object_id' ) &#038;&#038; isset( $GLOBALS['sitepress'] ) ) {\n    $current_lang = $GLOBALS['sitepress']->get_current_language();<br \/>\n}<br \/>\n$descripcion = get_option( &#8216;descripcion_&#8217; . $current_lang );<br \/>\n$fechadehoy = get_option(&#8216;fechadehoy&#8217;);<br \/>\n?><\/p>\n<div class=\"legal-container-sarrera\">\n<div class=\"legal-50\">\n<h1 class=\"legal-h1\">Irisgarritasuna<\/h1>\n<\/p><\/div>\n<div class=\"legal-50\">\n<p class=\"legal-p\"><?php echo $url; ?>-ren irisgarritasun-adierazpena:<\/p>\n<p><?php echo $nombrecomercial; ?>-en, gure webgunearen erabilerraztasuna bermatzeko konpromisoa hartzen dugu, irailaren 7ko 1112\/2018 Errege Dekretuaren arabera (sektore publikoko webguneen eta gailu mugikorretarako aplikazioen irisgarritasunari buruzkoa). Irisgarritasun-adierazpen hau <?php echo $url; ?> webguneari aplikatzen zaio.<\/p>\n<\/div>\n<\/div>\n<div class=\"legal-container\">\n<div class=\"legal-30\">\n<p class=\"legal-titulua\">Araudia betetzea<\/p>\n<\/div>\n<div class=\"legal-50\">\n<p class=\"legal-p\">Webgune hau neurri batean bat dator 1112\/2018 Errege Dekretuarekin, salbuespenak eta jarraian adierazten diren alderdien adostasun eza direla eta.<\/p>\n<p class=\"legal-p\"><b>Gure webguneak indarrean dauden erabilerraztasun-estandarrak betetzen dituela ziurtatzeko neurriak hartu ditugu. Neurri horien artean daude:<\/b><\/p>\n<ol class=\"legal-ol\">\n<li class=\"legal-li\">Estandarrak betetzea: Web Content Accessibility Guidelines (WCAG) 2.1, AA mailan ezarritako erabilerraztasun-jarraibideak betetzen ahalegintzen gara. Jarraibide horiek webguneen irisgarritasuna hobetzeko gomendioak eta baldintza teknikoak ematen dituzte.<\/li>\n<li class=\"legal-li\">Diseinua eta nabigazioa: Erabilgarritasun eta erabilerraztasun printzipioak kontuan hartuta diseinatu dugu gure webgunea. Nabigazio-elementuak argiak eta sendoak dira, eta orientazioa eta edukietarako sarbidea errazten dute.<\/li>\n<li class=\"legal-li\">Eduki alternatiboa: Testu-alternatibak eskaintzen ditugu elementu ez-testual guztientzat, hala nola irudiak eta bideoak, ikusmen-desgaitasuna duten erabiltzaileek edo laguntza-teknologiak erabiltzen dituztenek informazioa modu baliokidean eskuratu ahal izan dezaten.<\/li>\n<li class=\"legal-li\">Bateragarritasuna laguntza-teknologiekin: Gure webgunea optimizatu dugu laguntza-teknologiekin bateragarria izateko, hala nola pantaila-irakurgailuekin, teklatu alternatiboekin eta ahotsa ezagutzeko softwarearekin, desgaitasunen bat duten erabiltzaileei gure edukietara sartzeko aukera emateko.<\/li>\n<\/ol><\/div>\n<\/div>\n<div class=\"legal-container\">\n<div class=\"legal-30\">\n<p class=\"legal-titulua\">Eduki ez irisgarria<\/p>\n<\/div>\n<div class=\"legal-50\">\n<ul class=\"legal-ul\">\n<li class=\"legal-li\">Baliteke PDF formatuko dokumentu batzuk ikusmen-urritasuna duten erabiltzaileentzat guztiz eskuragarriak ez izatea. Dokumentu horiek Errege Dekretua indarrean sartu aurretik argitaratu ziren, eta gure egungo kontroletik kanpo daude. Dokumentu horien bertsio eskuragarriak lehenbailehen emateko lanean ari gara.\n<\/li>\n<li class=\"legal-li\">Baliteke irudi batzuek ordezko testu deskribatzailerik ez izatea edo testua irudietan izatea, beste aukera eskuragarririk gabe.<\/li>\n<li class=\"legal-li\">Esteka batzuek ez dituzte irisgarritasun-jardunbide onenak betetzen, hala nola loturaren helmugaren deskribapen egokia.<\/li>\n<li class=\"legal-li\">Baliteke formularioko elementu batzuek etiketa egokiak edo jarraibide argiak ez izatea, eta laguntza-teknologiak erabiltzen dituzten pertsonek ulertzea eta erabiltzea zailtzea.<\/li>\n<\/ul><\/div>\n<\/div>\n<div class=\"legal-container\">\n<div class=\"legal-30\">\n<p class=\"legal-titulua\">Ekintza-plana<\/p>\n<\/div>\n<div class=\"legal-50\">\n<p class=\"legal-p\"><?php echo $url; ?>-ren irisgarritasuna hobetzeko eta bat ez datozen arloei heltzeko beharrezko neurriak hartzeko konpromisoa dugu. Hona hemen egiten ari garen ekintzetako batzuk:<\/p>\n<ul class=\"legal-ul\">\n<li class=\"legal-li\">Webgunearen berrikuspen osoa egitea eta identifikatutako erabilerraztasun-arazoak zuzentzea.<\/li>\n<li class=\"legal-li\">Deskribatzaileak ez diren irudi eta esteka guztietarako testu-alternatibak ematea.<\/li>\n<li class=\"legal-li\">Dauden PDF dokumentuen bertsio eskuragarriak ematea edo, ahal den guztietan, eduki eskuragarriarekin ordeztea.<\/li>\n<li class=\"legal-li\">Webgunearen nabigazioa eta egitura hobetzea, erabiltzaile guztiek errazago erabil dezaten.<\/li>\n<li class=\"legal-li\">Etiketa egokiak eta argiak dituzten inprimakiak ematea, hobeto ulertzeko eta erabiltzeko.<\/li>\n<\/ul><\/div>\n<\/div>\n<div class=\"legal-container\">\n<div class=\"legal-30\">\n<p class=\"legal-titulua\">Kanpoko estekak<\/p>\n<\/div>\n<div class=\"legal-50\">\n<p class=\"legal-p\"><?php echo $nombrecomercial; ?>-ek gure kontroletik kanpo dauden eta nahitaez irisgarritasun-estandarrak betetzen ez dituzten kanpoko webguneetarako estekak izan ditzake. Ez gara webgune hauen erabilerraztasunaren erantzule egiten.<\/p>\n<\/p><\/div>\n<\/div>\n<div class=\"legal-container\">\n<div class=\"legal-30\">\n<p class=\"legal-titulua\">Iruzkinak eta kontaktua<\/p>\n<\/div>\n<div class=\"legal-50\">\n<p class=\"legal-p\"><?php echo $url; ?>-eko irisgarritasunari buruzko zure iruzkin eta iradokizunak baloratuko ditugu. Irisgarritasun-oztoporen bat aurkitzen baduzu edo edukiren bat eskuratzeko arazoak badituzu, jar zaitez gurekin harremanetan, mesedez, bitarteko hauen bidez:<\/p>\n<ul class=\"legal-ul\">\n<li class=\"legal-li\">Izena: <?php echo $razonsocial; ?><\/li>\n<li class=\"legal-li\">Posta elektronikoa: <?php echo $email; ?><\/li>\n<li class=\"legal-li\">Irisgarritasun-adierazpenaren argitalpen-data: <?php echo $fechadehoy; ?><\/li>\n<li class=\"legal-li\">Aitorpenaren azken berrikuspena: <?php echo $fechadehoy; ?><\/li>\n<\/ul>\n<p class=\"legal-p\">Webgune irisgarri bat eskaintzeko konpromisoa dugu, eta <?php echo $url; ?>-en irisgarritasuna hobetzeko lanean jarraituko dugu, indarrean dauden erabilerraztasun-jarraibide eta -arauekin bat etorriz.<\/p>\n<\/p><\/div>\n<\/div>\n<p><?php get_footer(); ?><\/p>\n","protected":false},"excerpt":{"rendered":"<p>Irisgarritasuna -ren irisgarritasun-adierazpena: -en, gure webgunearen erabilerraztasuna bermatzeko konpromisoa hartzen dugu, irailaren 7ko 1112\/2018 Errege Dekretuaren arabera (sektore publikoko webguneen eta gailu mugikorretarako aplikazioen irisgarritasunari buruzkoa). Irisgarritasun-adierazpen hau webguneari aplikatzen zaio. Araudia betetzea Webgune hau neurri batean bat dator 1112\/2018 Errege Dekretuarekin, salbuespenak eta jarraian adierazten diren alderdien adostasun eza direla eta. Gure webguneak indarrean dauden erabilerraztasun-estandarrak betetzen dituela ziurtatzeko neurriak hartu ditugu. Neurri horien artean daude: Estandarrak betetzea: Web Content Accessibility Guidelines (WCAG) 2.1, AA mailan ezarritako erabilerraztasun-jarraibideak betetzen ahalegintzen gara. Jarraibide horiek webguneen irisgarritasuna hobetzeko gomendioak eta baldintza teknikoak ematen dituzte. Diseinua eta nabigazioa: Erabilgarritasun eta erabilerraztasun printzipioak kontuan hartuta diseinatu dugu gure webgunea. Nabigazio-elementuak argiak eta sendoak dira, eta orientazioa eta edukietarako sarbidea errazten dute. Eduki alternatiboa: Testu-alternatibak eskaintzen ditugu elementu ez-testual guztientzat, hala nola irudiak eta bideoak, ikusmen-desgaitasuna duten erabiltzaileek edo laguntza-teknologiak erabiltzen dituztenek informazioa modu baliokidean eskuratu ahal izan dezaten. Bateragarritasuna laguntza-teknologiekin: Gure webgunea optimizatu dugu laguntza-teknologiekin bateragarria izateko, hala nola pantaila-irakurgailuekin, teklatu alternatiboekin eta ahotsa ezagutzeko softwarearekin, desgaitasunen bat duten erabiltzaileei gure edukietara sartzeko aukera emateko. Eduki ez irisgarria Baliteke PDF formatuko dokumentu batzuk ikusmen-urritasuna duten erabiltzaileentzat guztiz eskuragarriak ez izatea. Dokumentu horiek Errege Dekretua indarrean sartu aurretik argitaratu ziren, eta gure egungo kontroletik&#8230;<\/p>\n","protected":false},"author":1,"featured_media":0,"parent":0,"menu_order":0,"comment_status":"closed","ping_status":"closed","template":"","meta":{"_joinchat":[],"footnotes":""},"class_list":["post-638","page","type-page","status-publish","hentry"],"yoast_head":"<!-- This site is optimized with the Yoast SEO plugin v26.9 - https:\/\/yoast.com\/product\/yoast-seo-wordpress\/ -->\n<title>Irisgarritasuna - Copy Tec<\/title>\n<meta name=\"robots\" content=\"index, follow, max-snippet:-1, max-image-preview:large, max-video-preview:-1\" \/>\n<link rel=\"canonical\" href=\"https:\/\/www.copytec.es\/eu\/irisgarritasuna\/\" \/>\n<meta property=\"og:locale\" content=\"eu_ES\" \/>\n<meta property=\"og:type\" content=\"article\" \/>\n<meta property=\"og:title\" content=\"Irisgarritasuna - Copy Tec\" \/>\n<meta property=\"og:description\" content=\"Irisgarritasuna -ren irisgarritasun-adierazpena: -en, gure webgunearen erabilerraztasuna bermatzeko konpromisoa hartzen dugu, irailaren 7ko 1112\/2018 Errege Dekretuaren arabera (sektore publikoko webguneen eta gailu mugikorretarako aplikazioen irisgarritasunari buruzkoa). Irisgarritasun-adierazpen hau webguneari aplikatzen zaio. Araudia betetzea Webgune hau neurri batean bat dator 1112\/2018 Errege Dekretuarekin, salbuespenak eta jarraian adierazten diren alderdien adostasun eza direla eta. Gure webguneak indarrean dauden erabilerraztasun-estandarrak betetzen dituela ziurtatzeko neurriak hartu ditugu. Neurri horien artean daude: Estandarrak betetzea: Web Content Accessibility Guidelines (WCAG) 2.1, AA mailan ezarritako erabilerraztasun-jarraibideak betetzen ahalegintzen gara. Jarraibide horiek webguneen irisgarritasuna hobetzeko gomendioak eta baldintza teknikoak ematen dituzte. Diseinua eta nabigazioa: Erabilgarritasun eta erabilerraztasun printzipioak kontuan hartuta diseinatu dugu gure webgunea. Nabigazio-elementuak argiak eta sendoak dira, eta orientazioa eta edukietarako sarbidea errazten dute. Eduki alternatiboa: Testu-alternatibak eskaintzen ditugu elementu ez-testual guztientzat, hala nola irudiak eta bideoak, ikusmen-desgaitasuna duten erabiltzaileek edo laguntza-teknologiak erabiltzen dituztenek informazioa modu baliokidean eskuratu ahal izan dezaten. Bateragarritasuna laguntza-teknologiekin: Gure webgunea optimizatu dugu laguntza-teknologiekin bateragarria izateko, hala nola pantaila-irakurgailuekin, teklatu alternatiboekin eta ahotsa ezagutzeko softwarearekin, desgaitasunen bat duten erabiltzaileei gure edukietara sartzeko aukera emateko. Eduki ez irisgarria Baliteke PDF formatuko dokumentu batzuk ikusmen-urritasuna duten erabiltzaileentzat guztiz eskuragarriak ez izatea. Dokumentu horiek Errege Dekretua indarrean sartu aurretik argitaratu ziren, eta gure egungo kontroletik...\" \/>\n<meta property=\"og:url\" content=\"https:\/\/www.copytec.es\/eu\/irisgarritasuna\/\" \/>\n<meta property=\"og:site_name\" content=\"Copy Tec\" \/>\n<meta property=\"article:modified_time\" content=\"2025-05-15T06:18:58+00:00\" \/>\n<meta name=\"twitter:card\" content=\"summary_large_image\" \/>\n<meta name=\"twitter:label1\" content=\"Est. reading time\" \/>\n\t<meta name=\"twitter:data1\" content=\"2 minutes\" \/>\n<script type=\"application\/ld+json\" class=\"yoast-schema-graph\">{\"@context\":\"https:\/\/schema.org\",\"@graph\":[{\"@type\":\"WebPage\",\"@id\":\"https:\/\/www.copytec.es\/eu\/irisgarritasuna\/\",\"url\":\"https:\/\/www.copytec.es\/eu\/irisgarritasuna\/\",\"name\":\"Irisgarritasuna - Copy Tec\",\"isPartOf\":{\"@id\":\"https:\/\/www.copytec.es\/eu\/#website\"},\"datePublished\":\"2025-05-15T06:18:15+00:00\",\"dateModified\":\"2025-05-15T06:18:58+00:00\",\"breadcrumb\":{\"@id\":\"https:\/\/www.copytec.es\/eu\/irisgarritasuna\/#breadcrumb\"},\"inLanguage\":\"eu-ES\",\"potentialAction\":[{\"@type\":\"ReadAction\",\"target\":[\"https:\/\/www.copytec.es\/eu\/irisgarritasuna\/\"]}]},{\"@type\":\"BreadcrumbList\",\"@id\":\"https:\/\/www.copytec.es\/eu\/irisgarritasuna\/#breadcrumb\",\"itemListElement\":[{\"@type\":\"ListItem\",\"position\":1,\"name\":\"Portada\",\"item\":\"http:\/\/www.copytec.es\/eu\/\"},{\"@type\":\"ListItem\",\"position\":2,\"name\":\"Irisgarritasuna\"}]},{\"@type\":\"WebSite\",\"@id\":\"https:\/\/www.copytec.es\/eu\/#website\",\"url\":\"https:\/\/www.copytec.es\/eu\/\",\"name\":\"Copy Tec | Copister\u00eda, material de oficina y peque\u00f1a imprenta\",\"description\":\"Copister\u00eda, material de oficina e imprenta\",\"publisher\":{\"@id\":\"https:\/\/www.copytec.es\/eu\/#organization\"},\"potentialAction\":[{\"@type\":\"SearchAction\",\"target\":{\"@type\":\"EntryPoint\",\"urlTemplate\":\"https:\/\/www.copytec.es\/eu\/?s={search_term_string}\"},\"query-input\":{\"@type\":\"PropertyValueSpecification\",\"valueRequired\":true,\"valueName\":\"search_term_string\"}}],\"inLanguage\":\"eu-ES\"},{\"@type\":\"Organization\",\"@id\":\"https:\/\/www.copytec.es\/eu\/#organization\",\"name\":\"Copy Tec | Copister\u00eda, material de oficina y peque\u00f1a imprenta\",\"url\":\"https:\/\/www.copytec.es\/eu\/\",\"logo\":{\"@type\":\"ImageObject\",\"inLanguage\":\"eu-ES\",\"@id\":\"https:\/\/www.copytec.es\/eu\/#\/schema\/logo\/image\/\",\"url\":\"http:\/\/www.copytec.es\/wp-content\/uploads\/2023\/09\/logo-y-nombre-lateral.png\",\"contentUrl\":\"http:\/\/www.copytec.es\/wp-content\/uploads\/2023\/09\/logo-y-nombre-lateral.png\",\"width\":246,\"height\":110,\"caption\":\"Copy Tec | Copister\u00eda, material de oficina y peque\u00f1a imprenta\"},\"image\":{\"@id\":\"https:\/\/www.copytec.es\/eu\/#\/schema\/logo\/image\/\"}}]}<\/script>\n<!-- \/ Yoast SEO plugin. -->","yoast_head_json":{"title":"Irisgarritasuna - Copy Tec","robots":{"index":"index","follow":"follow","max-snippet":"max-snippet:-1","max-image-preview":"max-image-preview:large","max-video-preview":"max-video-preview:-1"},"canonical":"https:\/\/www.copytec.es\/eu\/irisgarritasuna\/","og_locale":"eu_ES","og_type":"article","og_title":"Irisgarritasuna - Copy Tec","og_description":"Irisgarritasuna -ren irisgarritasun-adierazpena: -en, gure webgunearen erabilerraztasuna bermatzeko konpromisoa hartzen dugu, irailaren 7ko 1112\/2018 Errege Dekretuaren arabera (sektore publikoko webguneen eta gailu mugikorretarako aplikazioen irisgarritasunari buruzkoa). Irisgarritasun-adierazpen hau webguneari aplikatzen zaio. Araudia betetzea Webgune hau neurri batean bat dator 1112\/2018 Errege Dekretuarekin, salbuespenak eta jarraian adierazten diren alderdien adostasun eza direla eta. Gure webguneak indarrean dauden erabilerraztasun-estandarrak betetzen dituela ziurtatzeko neurriak hartu ditugu. Neurri horien artean daude: Estandarrak betetzea: Web Content Accessibility Guidelines (WCAG) 2.1, AA mailan ezarritako erabilerraztasun-jarraibideak betetzen ahalegintzen gara. Jarraibide horiek webguneen irisgarritasuna hobetzeko gomendioak eta baldintza teknikoak ematen dituzte. Diseinua eta nabigazioa: Erabilgarritasun eta erabilerraztasun printzipioak kontuan hartuta diseinatu dugu gure webgunea. Nabigazio-elementuak argiak eta sendoak dira, eta orientazioa eta edukietarako sarbidea errazten dute. Eduki alternatiboa: Testu-alternatibak eskaintzen ditugu elementu ez-testual guztientzat, hala nola irudiak eta bideoak, ikusmen-desgaitasuna duten erabiltzaileek edo laguntza-teknologiak erabiltzen dituztenek informazioa modu baliokidean eskuratu ahal izan dezaten. Bateragarritasuna laguntza-teknologiekin: Gure webgunea optimizatu dugu laguntza-teknologiekin bateragarria izateko, hala nola pantaila-irakurgailuekin, teklatu alternatiboekin eta ahotsa ezagutzeko softwarearekin, desgaitasunen bat duten erabiltzaileei gure edukietara sartzeko aukera emateko. Eduki ez irisgarria Baliteke PDF formatuko dokumentu batzuk ikusmen-urritasuna duten erabiltzaileentzat guztiz eskuragarriak ez izatea. Dokumentu horiek Errege Dekretua indarrean sartu aurretik argitaratu ziren, eta gure egungo kontroletik...","og_url":"https:\/\/www.copytec.es\/eu\/irisgarritasuna\/","og_site_name":"Copy Tec","article_modified_time":"2025-05-15T06:18:58+00:00","twitter_card":"summary_large_image","twitter_misc":{"Est. reading time":"2 minutes"},"schema":{"@context":"https:\/\/schema.org","@graph":[{"@type":"WebPage","@id":"https:\/\/www.copytec.es\/eu\/irisgarritasuna\/","url":"https:\/\/www.copytec.es\/eu\/irisgarritasuna\/","name":"Irisgarritasuna - Copy Tec","isPartOf":{"@id":"https:\/\/www.copytec.es\/eu\/#website"},"datePublished":"2025-05-15T06:18:15+00:00","dateModified":"2025-05-15T06:18:58+00:00","breadcrumb":{"@id":"https:\/\/www.copytec.es\/eu\/irisgarritasuna\/#breadcrumb"},"inLanguage":"eu-ES","potentialAction":[{"@type":"ReadAction","target":["https:\/\/www.copytec.es\/eu\/irisgarritasuna\/"]}]},{"@type":"BreadcrumbList","@id":"https:\/\/www.copytec.es\/eu\/irisgarritasuna\/#breadcrumb","itemListElement":[{"@type":"ListItem","position":1,"name":"Portada","item":"http:\/\/www.copytec.es\/eu\/"},{"@type":"ListItem","position":2,"name":"Irisgarritasuna"}]},{"@type":"WebSite","@id":"https:\/\/www.copytec.es\/eu\/#website","url":"https:\/\/www.copytec.es\/eu\/","name":"Copy Tec | Copister\u00eda, material de oficina y peque\u00f1a imprenta","description":"Copister\u00eda, material de oficina e imprenta","publisher":{"@id":"https:\/\/www.copytec.es\/eu\/#organization"},"potentialAction":[{"@type":"SearchAction","target":{"@type":"EntryPoint","urlTemplate":"https:\/\/www.copytec.es\/eu\/?s={search_term_string}"},"query-input":{"@type":"PropertyValueSpecification","valueRequired":true,"valueName":"search_term_string"}}],"inLanguage":"eu-ES"},{"@type":"Organization","@id":"https:\/\/www.copytec.es\/eu\/#organization","name":"Copy Tec | Copister\u00eda, material de oficina y peque\u00f1a imprenta","url":"https:\/\/www.copytec.es\/eu\/","logo":{"@type":"ImageObject","inLanguage":"eu-ES","@id":"https:\/\/www.copytec.es\/eu\/#\/schema\/logo\/image\/","url":"http:\/\/www.copytec.es\/wp-content\/uploads\/2023\/09\/logo-y-nombre-lateral.png","contentUrl":"http:\/\/www.copytec.es\/wp-content\/uploads\/2023\/09\/logo-y-nombre-lateral.png","width":246,"height":110,"caption":"Copy Tec | Copister\u00eda, material de oficina y peque\u00f1a imprenta"},"image":{"@id":"https:\/\/www.copytec.es\/eu\/#\/schema\/logo\/image\/"}}]}},"_links":{"self":[{"href":"https:\/\/www.copytec.es\/eu\/wp-json\/wp\/v2\/pages\/638","targetHints":{"allow":["GET"]}}],"collection":[{"href":"https:\/\/www.copytec.es\/eu\/wp-json\/wp\/v2\/pages"}],"about":[{"href":"https:\/\/www.copytec.es\/eu\/wp-json\/wp\/v2\/types\/page"}],"author":[{"embeddable":true,"href":"https:\/\/www.copytec.es\/eu\/wp-json\/wp\/v2\/users\/1"}],"replies":[{"embeddable":true,"href":"https:\/\/www.copytec.es\/eu\/wp-json\/wp\/v2\/comments?post=638"}],"version-history":[{"count":1,"href":"https:\/\/www.copytec.es\/eu\/wp-json\/wp\/v2\/pages\/638\/revisions"}],"predecessor-version":[{"id":645,"href":"https:\/\/www.copytec.es\/eu\/wp-json\/wp\/v2\/pages\/638\/revisions\/645"}],"wp:attachment":[{"href":"https:\/\/www.copytec.es\/eu\/wp-json\/wp\/v2\/media?parent=638"}],"curies":[{"name":"wp","href":"https:\/\/api.w.org\/{rel}","templated":true}]}}